{"id":53,"date":"2021-08-20T21:04:14","date_gmt":"2021-08-20T19:04:14","guid":{"rendered":"https:\/\/association-bts-clim-souillac.com\/?page_id=53"},"modified":"2021-11-19T19:25:28","modified_gmt":"2021-11-19T18:25:28","slug":"lassociation","status":"publish","type":"page","link":"https:\/\/association-bts-clim-souillac.com\/index.php\/lassociation\/","title":{"rendered":"L&rsquo;association BTS-Clim"},"content":{"rendered":"\n<h2 class=\"wp-block-heading\">Historique rapide<\/h2>\n\n\n\n<p><a><\/a>Enregistr\u00e9e le 19 novembre 1990, l\u2019Association a pour but de&nbsp;:<\/p>\n\n\n\n<ul class=\"wp-block-list\"><li>De cr\u00e9er une amicale des anciens \u00e9tudiants.<\/li><li>De co-organiser des visites d\u2019expositions, de salon ou de chantiers.<\/li><li>D&rsquo;organiser des sorties \u00e0 titre amical.<\/li><li>De mettre en place des rencontres entre anciens et \u00e9tudiants actuels par des r\u00e9unions ou repas ou autres\u2026<\/li><\/ul>\n\n\n\n<p>Elle est aujourd\u2019hui en mesure de regrouper pr\u00e8s de <strong>1000 (mille!) <\/strong>anciens \u00e9tudiants et \u00e9tudiants actuels de 1<sup>\u00e8re<\/sup> et 2<sup>\u00e8me<\/sup> ann\u00e9e en formation initiale ou en apprentissage<\/p>\n\n\n\n<p>Elle s\u2019occupe principalement d\u2019organiser une journ\u00e9e de rencontre tous les ans (<strong>J<\/strong>ourn\u00e9e <strong>I<\/strong>nter-<strong>P<\/strong>romotions) qui se d\u00e9roule courant Mars ou Avril et qui permet aux \u00e9tudiants actuels de rencontrer leur futur ma\u00eetre de stage ou leur futurs employeurs, de discuter de l\u2019avenir de la profession et pour les anciens, de retrouver leurs anciens camarades de promotion qui auront \u00e9ventuellement envie de changer de secteur d\u2019activit\u00e9 ou d\u2019entreprise. Pour cela les membres de l\u2019association organisent des actions diverses pour r\u00e9cup\u00e9rer des fonds.<\/p>\n\n\n\n<h2 class=\"wp-block-heading\">Organisation<\/h2>\n\n\n\n<ul class=\"wp-block-list\"><li>Ce sont d\u2019abord des <strong>adh\u00e9rents <\/strong>(anciens \u00e9tudiants et \u00e9tudiants actuels et enseignants) dont les membres actifs se r\u00e9unissent une fois par an en <strong>Assembl\u00e9e G\u00e9n\u00e9rale<\/strong> pour conna\u00eetre les activit\u00e9s de l\u2019Association et pour valider les orientations propos\u00e9es par le Conseil d&rsquo;Administration : il faut rappeler que l\u2019association a besoin de ses adh\u00e9rents pour fonctionner pas seulement en payant une cotisation, mais \u00e9galement en s\u2019investissant r\u00e9ellement lors des manifestations organis\u00e9es par l\u2019Association.<\/li><li>C\u2019est ensuite un <strong>Conseil d\u2019Administration<\/strong> dont les membres (volontaires) sont d\u00e9sign\u00e9s par l\u2019Assembl\u00e9e G\u00e9n\u00e9rale et qui sont \u00e9lus pour 1 an&nbsp;: le CA propose les orientations de l\u2019Association et met en place les d\u00e9cisions prises par l&rsquo;Assembl\u00e9e G\u00e9n\u00e9rale et est donc l\u2019organe d\u00e9cisionnel de l\u2019Association.<\/li><li>C\u2019est enfin <strong>un Bureau<\/strong> dont les membres sont \u00e9lus par le Conseil d\u2019Administration et qui est l\u2019organe ex\u00e9cutif de l\u2019Association pour ex\u00e9cuter les t\u00e2ches courantes de fonctionnement de l\u2019Association.<\/li><li>Faire partie d\u2019une association est aussi un plus sur un CV car cela permet de montrer \u00e0 un futur employeur que l\u2019on s\u2019est investi dans autre chose pendant ses \u00e9tudes, qu\u2019on a \u00e9t\u00e9 capable de prendre des d\u00e9cisions et capable de travailler en toute autonomie mais aussi en \u00e9quipe.<\/li><li>Membre d\u2019une association, c\u2019est une \u00ab&nbsp;carte de visite&nbsp;\u00bb, tr\u00e8s appr\u00e9ci\u00e9e notamment par les anciens \u00e9tudiants du lyc\u00e9e Louis Vicat actuellement en activit\u00e9 en entreprise, un label de garantie pour se faire conna\u00eetre dans le monde professionnel.<\/li><\/ul>\n\n\n\n<h2 class=\"wp-block-heading\">Si\u00e8ge social<\/h2>\n\n\n\n<p>Nous sommes \u00ab\u00a0bas\u00e9s\u00a0\u00bb au Lyc\u00e9e Louis Vicat o\u00f9 nous avons notre si\u00e8ge social:<\/p>\n\n\n\n<p>LYCEE LOUIS VICAT<\/p>\n\n\n\n<p>Association BTS-Clim<\/p>\n\n\n\n<p>2, Place Marsal\u00e8s<\/p>\n\n\n\n<p>46200 SOUILLAC<\/p>\n","protected":false},"excerpt":{"rendered":"<p>Historique rapide Enregistr\u00e9e le 19 novembre 1990, l\u2019Association a pour but de&nbsp;: De cr\u00e9er une amicale des anciens \u00e9tudiants. De co-organiser des visites d\u2019expositions, de salon ou de chantiers. D&rsquo;organiser des sorties \u00e0 titre amical. De mettre en place des &hellip; <a href=\"https:\/\/association-bts-clim-souillac.com\/index.php\/lassociation\/\">Lire la suite\u00ad\u00ad<\/a><\/p>\n","protected":false},"author":2,"featured_media":0,"parent":0,"menu_order":0,"comment_status":"closed","ping_status":"closed","template":"","meta":{"kt_blocks_editor_width":"","footnotes":""},"class_list":["post-53","page","type-page","status-publish","hentry"],"_links":{"self":[{"href":"https:\/\/association-bts-clim-souillac.com\/index.php\/wp-json\/wp\/v2\/pages\/53","targetHints":{"allow":["GET"]}}],"collection":[{"href":"https:\/\/association-bts-clim-souillac.com\/index.php\/wp-json\/wp\/v2\/pages"}],"about":[{"href":"https:\/\/association-bts-clim-souillac.com\/index.php\/wp-json\/wp\/v2\/types\/page"}],"author":[{"embeddable":true,"href":"https:\/\/association-bts-clim-souillac.com\/index.php\/wp-json\/wp\/v2\/users\/2"}],"replies":[{"embeddable":true,"href":"https:\/\/association-bts-clim-souillac.com\/index.php\/wp-json\/wp\/v2\/comments?post=53"}],"version-history":[{"count":6,"href":"https:\/\/association-bts-clim-souillac.com\/index.php\/wp-json\/wp\/v2\/pages\/53\/revisions"}],"predecessor-version":[{"id":1740,"href":"https:\/\/association-bts-clim-souillac.com\/index.php\/wp-json\/wp\/v2\/pages\/53\/revisions\/1740"}],"wp:attachment":[{"href":"https:\/\/association-bts-clim-souillac.com\/index.php\/wp-json\/wp\/v2\/media?parent=53"}],"curies":[{"name":"wp","href":"https:\/\/api.w.org\/{rel}","templated":true}]}}