{"id":5245,"date":"2022-11-16T23:02:36","date_gmt":"2022-11-16T22:02:36","guid":{"rendered":"https:\/\/association-bts-clim-souillac.com\/?page_id=5245"},"modified":"2022-11-16T23:02:37","modified_gmt":"2022-11-16T22:02:37","slug":"tableau-de-bord","status":"publish","type":"page","link":"https:\/\/association-bts-clim-souillac.com\/index.php\/tableau-de-bord\/","title":{"rendered":"Tableau de bord"},"content":{"rendered":"\n<div id=\"job-manager-job-dashboard\">\n\n\t<p class=\"account-sign-in\">Vous devez \u00eatre connect\u00e9 pour g\u00e9rer vos offres. <a class=\"button\" href=\"https:\/\/association-bts-clim-souillac.com\/wp-login.php?redirect_to=https%3A%2F%2Fassociation-bts-clim-souillac.com%2Findex.php%2Ftableau-de-bord%2F\">Se connecter<\/a><\/p>\n\n<\/div>\n\n","protected":false},"excerpt":{"rendered":"","protected":false},"author":1,"featured_media":0,"parent":0,"menu_order":0,"comment_status":"closed","ping_status":"closed","template":"","meta":{"kt_blocks_editor_width":"","footnotes":""},"class_list":["post-5245","page","type-page","status-publish","hentry"],"_links":{"self":[{"href":"https:\/\/association-bts-clim-souillac.com\/index.php\/wp-json\/wp\/v2\/pages\/5245","targetHints":{"allow":["GET"]}}],"collection":[{"href":"https:\/\/association-bts-clim-souillac.com\/index.php\/wp-json\/wp\/v2\/pages"}],"about":[{"href":"https:\/\/association-bts-clim-souillac.com\/index.php\/wp-json\/wp\/v2\/types\/page"}],"author":[{"embeddable":true,"href":"https:\/\/association-bts-clim-souillac.com\/index.php\/wp-json\/wp\/v2\/users\/1"}],"replies":[{"embeddable":true,"href":"https:\/\/association-bts-clim-souillac.com\/index.php\/wp-json\/wp\/v2\/comments?post=5245"}],"version-history":[{"count":1,"href":"https:\/\/association-bts-clim-souillac.com\/index.php\/wp-json\/wp\/v2\/pages\/5245\/revisions"}],"predecessor-version":[{"id":5247,"href":"https:\/\/association-bts-clim-souillac.com\/index.php\/wp-json\/wp\/v2\/pages\/5245\/revisions\/5247"}],"wp:attachment":[{"href":"https:\/\/association-bts-clim-souillac.com\/index.php\/wp-json\/wp\/v2\/media?parent=5245"}],"curies":[{"name":"wp","href":"https:\/\/api.w.org\/{rel}","templated":true}]}}