{"id":49,"date":"2021-08-20T21:02:16","date_gmt":"2021-08-20T19:02:16","guid":{"rendered":"https:\/\/association-bts-clim-souillac.com\/?page_id=49"},"modified":"2022-12-15T18:39:44","modified_gmt":"2022-12-15T17:39:44","slug":"nos-partenaires","status":"publish","type":"page","link":"https:\/\/association-bts-clim-souillac.com\/index.php\/nos-partenaires\/","title":{"rendered":"Nos partenaires"},"content":{"rendered":"\n<p>Avec pr\u00e8s de <strong>1000 \u00e9tudiants<\/strong> sortis du lyc\u00e9e Louis Vicat depuis 1990, nos partenaires sont nombreux et occupent aujourd&rsquo;hui des postes importants et vari\u00e9s dans toutes les R\u00e9gions de France mais aussi \u00e0 l&rsquo;\u00e9tranger, pour quelques uns.<\/p>\n\n\n\n<h2 class=\"wp-block-heading\">Nos Calendriers<\/h2>\n\n\n\n<p>Gr\u00e2ce \u00e0 nos <strong>calendrier\/sous-mains<\/strong> pour lesquels nous sollicitons des entreprises partenaires o\u00f9 nos \u00ab\u00a0anciens\u00a0\u00bb op\u00e8rent, nous entretenons un lien indispensable pour nos \u00e9tudiants actuels.<\/p>\n\n\n\n<p><strong><em>Ci-dessous la version 2023 de notre sous-mains avec nos<\/em><\/strong> <em><strong>61 partenaires, notre record!<\/strong><\/em><\/p>\n\n\n\n<div class=\"wp-block-media-text alignwide is-stacked-on-mobile\" style=\"grid-template-columns:46% auto\"><figure class=\"wp-block-media-text__media\"><img fetchpriority=\"high\" decoding=\"async\" width=\"1024\" height=\"618\" src=\"https:\/\/association-bts-clim-souillac.com\/wp-content\/uploads\/2022\/12\/Sous-Mains-Vicat-2023-1024x618.jpg\" alt=\"\" class=\"wp-image-5412 size-full\" srcset=\"https:\/\/association-bts-clim-souillac.com\/wp-content\/uploads\/2022\/12\/Sous-Mains-Vicat-2023-1024x618.jpg 1024w, https:\/\/association-bts-clim-souillac.com\/wp-content\/uploads\/2022\/12\/Sous-Mains-Vicat-2023-300x181.jpg 300w, https:\/\/association-bts-clim-souillac.com\/wp-content\/uploads\/2022\/12\/Sous-Mains-Vicat-2023-768x464.jpg 768w, https:\/\/association-bts-clim-souillac.com\/wp-content\/uploads\/2022\/12\/Sous-Mains-Vicat-2023-1536x927.jpg 1536w, https:\/\/association-bts-clim-souillac.com\/wp-content\/uploads\/2022\/12\/Sous-Mains-Vicat-2023-2048x1236.jpg 2048w, https:\/\/association-bts-clim-souillac.com\/wp-content\/uploads\/2022\/12\/Sous-Mains-Vicat-2023.jpg 2192w\" sizes=\"(max-width: 1024px) 100vw, 1024px\" \/><\/figure><div class=\"wp-block-media-text__content\">\n<p class=\"has-text-align-center\" style=\"font-size:18px\"><mark style=\"background-color:rgba(0, 0, 0, 0)\" class=\"has-inline-color has-virtue-primary-color\"><span style=\"color: initial;\"><a href=\"https:\/\/www.linkedin.com\/in\/aristide-lacombe-6a668a110\/?originalSubdomain=fr\">ACEL ENERGIES<\/a> &#8211; <a href=\"https:\/\/www.advansor.fr\/\">ADVANSOR<\/a> &#8211; <a href=\"https:\/\/www.albareil.fr\/\">ALBAREIL QUERCINOX<\/a> &#8211; AR2C &#8211; <a href=\"https:\/\/www.atsebordes.com\/\">ATSE BORDES<\/a> &#8211; <a href=\"https:\/\/www.equans.fr\/accueil\" data-type=\"URL\" data-id=\"https:\/\/www.equans.fr\/accueil\">AXIMA REFRIGERATION<\/a> &#8211; <a href=\"https:\/\/www.linkedin.com\/company\/bureau-d'etude-technique-lionel-carcy\/about\/\">BET LIONEL CARCY<\/a> &#8211; BITZER FRANCE &#8211; <a href=\"https:\/\/www.bizern.com\/\" data-type=\"URL\" data-id=\"https:\/\/www.bizern.com\/\">BIZERN SAS<\/a> &#8211; <a href=\"https:\/\/www.credit-agricole.fr\/ca-nmp\/particulier\/agence\/nord-midi-pyrenees\/souillac-4801.html\" data-type=\"URL\" data-id=\"https:\/\/www.credit-agricole.fr\/ca-nmp\/particulier\/agence\/nord-midi-pyrenees\/souillac-4801.html\">CANMP SOUILLAC<\/a> &#8211; <a href=\"https:\/\/www.carly-sa.fr\/\" data-type=\"URL\" data-id=\"https:\/\/www.carly-sa.fr\/\">CARLY<\/a> &#8211; CCL REVEL &#8211; <a href=\"https:\/\/www.celsius-pro.com\/\" data-type=\"URL\" data-id=\"https:\/\/www.celsius-pro.com\/\">CELCIUS PRO<\/a> &#8211; <a href=\"https:\/\/www.ceteff.com\/\">CETEFF<\/a> &#8211; <a href=\"https:\/\/www.clauger.fr\/\" data-type=\"URL\" data-id=\"https:\/\/www.clauger.fr\/\">CLAUGER<\/a> &#8211; <a href=\"https:\/\/www.cofriset.fr\/\">COFRISET TOULOUSE<\/a> &#8211; <a href=\"https:\/\/www.daikin.fr\/fr_FR\/clients-utilisateurs.html\" data-type=\"URL\" data-id=\"https:\/\/www.daikin.fr\/fr_FR\/clients-utilisateurs.html\">DAIKIN<\/a> &#8211; <a href=\"https:\/\/www.dalkiafroidsolutions.com\/\">DALKIA FROID SOLUTIONS<\/a> &#8211; DEPARTEMENT LE LOT &#8211; <a href=\"http:\/\/www.didatec-technologie.com\/\" data-type=\"URL\" data-id=\"http:\/\/www.didatec-technologie.com\/\">DIDATEC<\/a> &#8211; <a href=\"http:\/\/duo-climat.fr\/\">DUO CLIMAT<\/a> &#8211; <a href=\"https:\/\/www.engie-solutions.com\/fr\/actualites\/bus-hydrogene-pau-bearn-pyrenees\" data-type=\"URL\" data-id=\"https:\/\/www.engie-solutions.com\/fr\/actualites\/bus-hydrogene-pau-bearn-pyrenees\">ENGIE SOLUTIONS PAU<\/a> &#8211; <a href=\"https:\/\/www.bouscasse.fr\/\" data-type=\"URL\" data-id=\"https:\/\/www.bouscasse.fr\/\">EQUANS &#8211; FCCE BOUSCASSE<\/a> &#8211; <a href=\"https:\/\/www.facebook.com\/bayeulmatthieu\/\" data-type=\"URL\" data-id=\"https:\/\/www.facebook.com\/bayeulmatthieu\/\">FRIGO SERVICES DU MIDI<\/a> &#8211; FRITEC &#8211; <a href=\"https:\/\/www.daikin.fr\/fr_fr\/trouver-un-installateur\/froid-jean-petit.html\">FROID JEAN PETIT<\/a> &#8211; GCM GENIE CLIMATIQUE &#8211; <a href=\"https:\/\/hfcservices.fr\/\">HFC SERVICES<\/a> &#8211; <a href=\"https:\/\/www.linkedin.com\/company\/ingenierie-47\/about\/\" data-type=\"URL\" data-id=\"https:\/\/www.linkedin.com\/company\/ingenierie-47\/about\/\">INGENIERIE 47<\/a> &#8211; <a href=\"https:\/\/www.lefroid.fr\/\" data-type=\"URL\" data-id=\"https:\/\/www.lefroid.fr\/\">LE FROID PECOMARK<\/a> &#8211; <a href=\"https:\/\/www.linkedin.com\/in\/fabien-espinat-306b40213\/?trk=public_profile_browsemap&amp;originalSubdomain=fr\">LEMAIRE SAS<\/a> &#8211; <a href=\"https:\/\/www.lennoxemea.com\/en\/contact\/france\/\" data-type=\"URL\" data-id=\"https:\/\/www.lennoxemea.com\/en\/contact\/france\/\">LENNOX<\/a> &#8211; MAIRIE SOUILLAC &#8211; MALRIEU &#8211; <a href=\"https:\/\/www.sarl-marquant.com\/\" data-type=\"URL\" data-id=\"https:\/\/www.sarl-marquant.com\/\">MARQUANT<\/a> &#8211; <a href=\"http:\/\/mci.fr\/\">MCI SAS<\/a> &#8211; MIDI THERMIQUE &#8211; <a href=\"https:\/\/etablissementsguypalue.site-solocal.com\/\" data-type=\"URL\" data-id=\"https:\/\/etablissementsguypalue.site-solocal.com\/\">PALUE GUY SARL<\/a> &#8211; <a href=\"https:\/\/www.ets-philippe.fr\/\" data-type=\"URL\" data-id=\"https:\/\/www.ets-philippe.fr\/\">PHILIPPE ETS<\/a> &#8211; <a href=\"https:\/\/sarl-picoulet-jean-jacques.chauffagiste-viessmann.fr\/\" data-type=\"URL\" data-id=\"https:\/\/sarl-picoulet-jean-jacques.chauffagiste-viessmann.fr\/\">PICOULET<\/a> &#8211; <a href=\"https:\/\/www.poujoulat.fr\/fr\/\">POUJOULAT<\/a> &#8211; PROFROID INDUSTRIE &#8211; QUERCY REFRIGERATION &#8211; REGION OCCITANIE &#8211; REGUL ENERGIE &#8211; <a href=\"https:\/\/ringoot-sarl.chauffagiste-viessmann.fr\/\" data-type=\"URL\" data-id=\"https:\/\/ringoot-sarl.chauffagiste-viessmann.fr\/\">RINGOOT<\/a> &#8211; <a href=\"https:\/\/clients.rolesco.fr\/stores\/stores\/view\/id\/110\" data-type=\"URL\" data-id=\"https:\/\/clients.rolesco.fr\/stores\/stores\/view\/id\/110\">ROLESCO<\/a> &#8211; SAMIFI FRANCE &#8211; SAUERMANN &#8211; <a href=\"https:\/\/www.facebook.com\/SAS-SEGUIN-FROID-CONCEPT-655766661115380\/\" data-type=\"URL\" data-id=\"https:\/\/www.facebook.com\/SAS-SEGUIN-FROID-CONCEPT-655766661115380\/\">SEGUIN FROID CONCEPT<\/a> &#8211; <a href=\"https:\/\/www.linkedin.com\/company\/sepco-pyrenees\/about\/\" data-type=\"URL\" data-id=\"https:\/\/www.linkedin.com\/company\/sepco-pyrenees\/about\/\">SEPCO<\/a> &#8211; <a href=\"https:\/\/siccom.com\/\" data-type=\"URL\" data-id=\"https:\/\/siccom.com\/\">SICCOM<\/a> &#8211; <a href=\"http:\/\/www.sidv.fr\/\">SIDV<\/a> &#8211; SNEFCCA &#8211; <a href=\"https:\/\/www.spie.com\/fr\/spie-facilities\" data-type=\"URL\" data-id=\"https:\/\/www.spie.com\/fr\/spie-facilities\">SPIE FACILITIES<\/a> &#8211; <a href=\"https:\/\/www.linkedin.com\/company\/sud-ouest-refrigeration\/about\/\">SUD OUEST REFRIGERATION<\/a> &#8211; TEREVA &#8211; <a href=\"https:\/\/thermatic-rodez.com\/\">THERMATIC<\/a> &#8211; <a href=\"https:\/\/www.groupe-esr.com\/nos-entreprises\/ucf\/\" data-type=\"URL\" data-id=\"https:\/\/www.groupe-esr.com\/nos-entreprises\/ucf\/\">UNION CLIMATIQUE ET FRIGORIFIQUE<\/a> &#8211; <a href=\"https:\/\/www.valentin-refrigeration.fr\/\">VALENTIN REFRIGERATION<\/a> &#8211; <a href=\"https:\/\/www.vgm-aveyron.fr\/\" data-type=\"URL\" data-id=\"https:\/\/www.vgm-aveyron.fr\/\">VGM SARL<\/a><\/span> <\/mark><\/p>\n<\/div><\/div>\n\n\n\n<p class=\"has-text-align-center\">D\u00e8s que vous \u00eates \u00e0 jour de votre participation, vous avez ici un lien actif pour votre site Internet, votre page Facebook ou Linkedin.<\/p>\n\n\n\n<h2 class=\"wp-block-heading\">La Communaut\u00e9 du G\u00e9nie Climatique<\/h2>\n\n\n\n<p>Nombreux sont nos anciens tellement passionn\u00e9s qu&rsquo;ils affichent aujourd&rsquo;hui leurs r\u00e9alisations comme ceux de la <a href=\"https:\/\/www.facebook.com\/groups\/409253316120857\" data-type=\"URL\" data-id=\"https:\/\/www.facebook.com\/groups\/409253316120857\">Communaut\u00e9 du G\u00e9nie Climatique<\/a> . Ce groupe a pour but de r\u00e9unir les personnes qui travaillent ou \u00e9tudient dans le domaine du G\u00e9nie Climatique. Il est donc r\u00e9serv\u00e9 aux professionnels du m\u00e9tier.<\/p>\n\n\n\n<p>&nbsp;<\/p>\n\n\n\n<p class=\"has-text-align-center\"><style type=\"text\/css\" id=\"gmpMapStyles_1_74165\">\r\n\t#google_map_easy_1_74165 {\r\n        width: 100%;\r\n        height: 500px;\r\n\t\t\t\t\t\t    }\r\n\t#gmapControlsNum_1_74165 {\r\n\t\twidth:100%\t}\r\n\t.gmpMapDetailsContainer#gmpMapDetailsContainer_1_74165 {\r\n\t\theight:500px;\r\n\t}\r\n\t.gmp_MapPreview#google_map_easy_1_74165 {\r\n\t\t\/*position:absolute;*\/\r\n\t\twidth: 100%;\r\n\t}\r\n\t#mapConElem_1_74165{\r\n\t\twidth: 100%\t}\r\n    .gm-style .gm-style-iw-c{\r\n        padding: 12px!important;\r\n    }\r\n\t    <\/style>\r\n <div class=\"gmp_map_opts\" id=\"mapConElem_1_74165\" data-id=\"1\" data-view-id=\"1_74165\" > <div class=\"gmpMapDetailsContainer\" id=\"gmpMapDetailsContainer_1_74165\"> <i class=\"gmpKMLLayersPreloader fa fa-spinner fa-spin\" aria-hidden=\"true\" style=\"display: none;\"><\/i> <div class=\"gmp_MapPreview \" id=\"google_map_easy_1_74165\"><\/div> <\/div> <div class=\"gmpMapMarkerFilters\" id=\"gmpMapMarkerFilters_1_74165\"> <\/div> <div class=\"gmpMapProControlsCon\" id=\"gmpMapProControlsCon_1_74165\"> <\/div> <div class=\"gmpMapProDirectionsCon\" id=\"gmpMapProDirectionsCon_1_74165\" > <\/div> <div class=\"gmpMapProKmlFilterCon\" id=\"gmpMapProKmlFilterCon_1_74165\" > <\/div> <div class=\"gmpSocialSharingShell gmpSocialSharingShell_1_74165\"> <\/div> <div style=\"clear: both;\"><\/div> <\/div> \n","protected":false},"excerpt":{"rendered":"<p>Avec pr\u00e8s de 1000 \u00e9tudiants sortis du lyc\u00e9e Louis Vicat depuis 1990, nos partenaires sont nombreux et occupent aujourd&rsquo;hui des postes importants et vari\u00e9s dans toutes les R\u00e9gions de France mais aussi \u00e0 l&rsquo;\u00e9tranger, pour quelques uns. Nos Calendriers Gr\u00e2ce &hellip; <a href=\"https:\/\/association-bts-clim-souillac.com\/index.php\/nos-partenaires\/\">Lire la suite\u00ad\u00ad<\/a><\/p>\n","protected":false},"author":2,"featured_media":0,"parent":0,"menu_order":0,"comment_status":"closed","ping_status":"closed","template":"","meta":{"kt_blocks_editor_width":"","footnotes":""},"class_list":["post-49","page","type-page","status-publish","hentry"],"_links":{"self":[{"href":"https:\/\/association-bts-clim-souillac.com\/index.php\/wp-json\/wp\/v2\/pages\/49","targetHints":{"allow":["GET"]}}],"collection":[{"href":"https:\/\/association-bts-clim-souillac.com\/index.php\/wp-json\/wp\/v2\/pages"}],"about":[{"href":"https:\/\/association-bts-clim-souillac.com\/index.php\/wp-json\/wp\/v2\/types\/page"}],"author":[{"embeddable":true,"href":"https:\/\/association-bts-clim-souillac.com\/index.php\/wp-json\/wp\/v2\/users\/2"}],"replies":[{"embeddable":true,"href":"https:\/\/association-bts-clim-souillac.com\/index.php\/wp-json\/wp\/v2\/comments?post=49"}],"version-history":[{"count":56,"href":"https:\/\/association-bts-clim-souillac.com\/index.php\/wp-json\/wp\/v2\/pages\/49\/revisions"}],"predecessor-version":[{"id":5413,"href":"https:\/\/association-bts-clim-souillac.com\/index.php\/wp-json\/wp\/v2\/pages\/49\/revisions\/5413"}],"wp:attachment":[{"href":"https:\/\/association-bts-clim-souillac.com\/index.php\/wp-json\/wp\/v2\/media?parent=49"}],"curies":[{"name":"wp","href":"https:\/\/api.w.org\/{rel}","templated":true}]}}