{"id":339,"date":"2021-10-14T16:51:29","date_gmt":"2021-10-14T14:51:29","guid":{"rendered":"https:\/\/association-bts-clim-souillac.com\/?page_id=339"},"modified":"2023-02-09T18:40:30","modified_gmt":"2023-02-09T17:40:30","slug":"nos-rencontres","status":"publish","type":"page","link":"https:\/\/association-bts-clim-souillac.com\/index.php\/nos-rencontres\/","title":{"rendered":"Nos Rencontres"},"content":{"rendered":"\n<p>Nous, <strong>Association BTS-Clim<\/strong>, avons toujours eu \u00e0 c\u0153ur d&rsquo;entretenir des liens entre les anciens \u00e9tudiants et les nouveaux \u00e9tudiants d&rsquo;une part et entre l&rsquo;\u00e9quipe p\u00e9dagogique et les responsables du Lyc\u00e9e Louis Vicat d&rsquo;autre part.<\/p>\n\n\n\n<p>Nous essayons tant que possible de lier de nouveaux liens avec les institutions et les acteurs locaux pour mieux nous faire conna\u00eetre et solliciter des soutiens<\/p>\n\n\n\n<p>Chaque ann\u00e9e, nous organisons des rencontres lors de job-dating, de conf\u00e9rences techniques, de salons d&rsquo;exposition ou lors des <strong>J<\/strong>ourn\u00e9es <strong>P<\/strong>ortes<strong> O<\/strong>uvertes du Lyc\u00e9e louis Vicat.<\/p>\n\n\n\n<h3 class=\"wp-block-heading\" id=\"journees-de-sensibilisation\">Journ\u00e9es de sensibilisation<\/h3>\n\n\n<style>.kt-tabs-id_cccb13-bf > .kt-tabs-content-wrap > .wp-block-kadence-tab{border-top-width:1px;border-right-width:1px;border-bottom-width:1px;border-left-width:1px;border-color:#bcbcbc;border-top-left-radius:0px;border-top-right-radius:0px;border-bottom-right-radius:0px;border-bottom-left-radius:0px;padding-top:var(--global-kb-spacing-sm, 1.5rem);padding-right:var(--global-kb-spacing-sm, 1.5rem);padding-bottom:var(--global-kb-spacing-sm, 1.5rem);padding-left:var(--global-kb-spacing-sm, 1.5rem);background:#ffffff;}.wp-block-kadence-tabs .kt-tabs-id_cccb13-bf > .kt-tabs-title-list li{margin-top:0px;margin-right:8px;margin-bottom:-1px;margin-left:0px;}.wp-block-kadence-tabs .kt-tabs-id_cccb13-bf > .kt-tabs-title-list li:last-child{margin-right:0px;}.wp-block-kadence-tabs .kt-tabs-id_cccb13-bf > .kt-tabs-title-list li .kt-tab-title, .wp-block-kadence-tabs .kt-tabs-id_cccb13-bf > .kt-tabs-content-wrap > .kt-tabs-accordion-title .kt-tab-title{line-height:1.4em;font-weight:regular;font-style:normal;border-top-width:1px;border-right-width:1px;border-bottom-width:0px;border-left-width:1px;border-top-left-radius:4px;border-top-right-radius:4px;border-bottom-right-radius:0px;border-bottom-left-radius:0px;padding-top:8px;padding-right:20px;padding-bottom:8px;padding-left:20px;border-color:#eeeeee;color:#444444;background:#ffffff;}.wp-block-kadence-tabs .kt-tabs-id_cccb13-bf > .kt-tabs-content-wrap > .kt-tabs-accordion-title .kt-tab-title{margin-top:0px;margin-right:8px;margin-bottom:-1px;margin-left:0px;}.wp-block-kadence-tabs .kt-tabs-id_cccb13-bf > .kt-tabs-title-list li .kt-tab-title:hover, .wp-block-kadence-tabs .kt-tabs-id_cccb13-bf > .kt-tabs-content-wrap > .kt-tabs-accordion-title .kt-tab-title:hover{border-color:#e2e2e2;color:#444444;background:#ffffff;}.wp-block-kadence-tabs .kt-tabs-id_cccb13-bf > .kt-tabs-title-list li.kt-tab-title-active .kt-tab-title, .wp-block-kadence-tabs .kt-tabs-id_cccb13-bf > .kt-tabs-content-wrap > .kt-tabs-accordion-title.kt-tab-title-active .kt-tab-title{border-color:#bcbcbc;color:#444444;background:#ffffff;}<\/style>\n<div class=\"wp-block-kadence-tabs alignnone\"><div class=\"kt-tabs-wrap kt-tabs-id_cccb13-bf kt-tabs-has-4-tabs kt-active-tab-1 kt-tabs-layout-tabs kt-tabs-tablet-layout-inherit kt-tabs-mobile-layout-inherit kt-tab-alignment-left \" style=\"max-width:none\"><ul class=\"kt-tabs-title-list\"><li id=\"tab-2022-2023\" class=\"kt-title-item kt-title-item-1 kt-tabs-svg-show-always kt-tabs-icon-side-right kt-tab-title-active\"><a href=\"#tab-2022-2023\" data-tab=\"1\" class=\"kt-tab-title kt-tab-title-1 \"><span class=\"kt-title-text\">2022-2023<\/span><\/a><\/li><li id=\"tab-2021-2022\" class=\"kt-title-item kt-title-item-2 kt-tabs-svg-show-always kt-tabs-icon-side-right kt-tab-title-inactive\"><a href=\"#tab-2021-2022\" data-tab=\"2\" class=\"kt-tab-title kt-tab-title-2 \"><span class=\"kt-title-text\">2021-2022<\/span><\/a><\/li><li id=\"tab-2020-2021\" class=\"kt-title-item kt-title-item-3 kt-tabs-svg-show-always kt-tabs-icon-side-right kt-tab-title-inactive\"><a href=\"#tab-2020-2021\" data-tab=\"3\" class=\"kt-tab-title kt-tab-title-3 \"><span class=\"kt-title-text\">2020-2021<\/span><\/a><\/li><li id=\"tab-2019-2020\" class=\"kt-title-item kt-title-item-4 kt-tabs-svg-show-always kt-tabs-icon-side-right kt-tab-title-inactive\"><a href=\"#tab-2019-2020\" data-tab=\"4\" class=\"kt-tab-title kt-tab-title-4 \"><span class=\"kt-title-text\">2019-2020<\/span><\/a><\/li><\/ul><div class=\"kt-tabs-content-wrap\">\n<div class=\"wp-block-kadence-tab kt-tab-inner-content kt-inner-tab-1 kt-inner-tab_474d28-cf\"><div class=\"kt-tab-inner-content-inner\">\n<h3 class=\"wp-block-heading\">10 f\u00e9vrier 2023<\/h3>\n\n\n\n<p>Bienvenus pour cette rencontre avec nos anciens! Une fois de plus, ils \u00e9taient au rendez-vous&#8230;<\/p>\n\n\n\n<figure class=\"wp-block-table\"><table><tbody><tr><td>Nom<br><\/td><td>Soci\u00e9t\u00e9<\/td><td>Poste occup\u00e9<\/td><\/tr><tr><td><strong>BASEI Sandrine<\/strong> <br><strong>Option A<\/strong><\/td><td><strong>Engie Solutions<\/strong><\/td><td><strong>Responsable op\u00e9rationnel r\u00e9gional Grande Aquitaine et Occitanie<\/strong><\/td><\/tr><tr><td><strong>SERRANO Sandrine<\/strong> <strong>Option A<\/strong><\/td><td><strong>LEMAIRE<\/strong><\/td><td><strong>Technicienne BE<\/strong> <strong>Tulle<\/strong><\/td><\/tr><tr><td><strong>GAUGNION Ga\u00ebl<\/strong> <br><strong>Option A<\/strong><\/td><td><strong>CAUVALDOR<\/strong><\/td><td><strong>Technicien<\/strong> <strong>Souillac<\/strong><\/td><\/tr><tr><td><strong>DA COSTA Yohan<\/strong> <br><strong>Option A<\/strong><\/td><td><strong>Mairie de Brive<\/strong><\/td><td><strong>Responsable r\u00e9seau eau chaude<\/strong> <strong>Brive<\/strong><\/td><\/tr><tr><td><strong>RIOUX Th\u00e9o<\/strong><br><strong>Option A<\/strong><\/td><td><strong>PICOULET<\/strong><\/td><td><strong>Technicien BE<\/strong> <strong>St Sozy<\/strong><\/td><\/tr><tr><td><strong>IGNACE Lo\u00efc<\/strong> <br><strong>Option A<\/strong><\/td><td><strong>CCL<\/strong><\/td><td><strong>Responsable d\u2019agence<\/strong> <strong>Cahors<\/strong><\/td><\/tr><tr><td><strong>LEYMARIE Fran\u00e7ois<\/strong> <strong>Option A<\/strong><\/td><td><strong>SIDV<\/strong><\/td><td><strong>Responsable r\u00e9gional grand Limousin<\/strong> <strong>Brive, Limoges, Cahors,<\/strong><\/td><\/tr><tr><td><strong>SOUYRIS Sandra<\/strong> <br><strong>Options A\/B<\/strong><\/td><td><strong>AXIMA<\/strong><\/td><td><strong>Responsable BE<\/strong> <strong>Toulouse<\/strong><\/td><\/tr><tr><td><strong>NOUAILLES Herv\u00e9<\/strong> <strong>Options A\/B<\/strong><\/td><td><strong>RINGOOT S.A.R.L<\/strong><\/td><td><strong>Responsable d\u2019entreprise<\/strong> <strong>Sarlat<\/strong><\/td><\/tr><tr><td><strong>PICOULET Antoine <\/strong><strong>Options A\/B<\/strong><\/td><td><strong>PICOULET<\/strong><\/td><td><strong>Responsable d\u2019entreprise<\/strong> <strong>St Sozy<\/strong><\/td><\/tr><tr><td><strong>BLANC R\u00e9mi<\/strong> <br><strong>Options A\/B<\/strong><\/td><td><strong>Ets MARQUANT<\/strong><\/td><td><strong>Responsable d\u2019entreprise<\/strong> <strong>Bergerac<\/strong><\/td><\/tr><tr><td><strong>MIGUAYROU St\u00e9phane<\/strong> <strong>Option B<\/strong><\/td><td><strong>G\u00e9n\u00e9rale Frigorifique France<\/strong><\/td><td><strong>Chef d\u2019agences<\/strong> <strong>Toulouse, Bayonne, Perpignan<\/strong><\/td><\/tr><tr><td><strong>COURDESSE Laurent<\/strong> <strong>Option B<\/strong><\/td><td><strong>Le Froid PECOMARK<\/strong><\/td><td><strong>Chef de l\u2019agence<\/strong> <strong>Toulouse<\/strong><\/td><\/tr><tr><td><strong>CHAPOUX Florian<\/strong> <strong>Option B<\/strong><\/td><td><strong>CLAUGER<\/strong><\/td><td><strong>Responsable SAV<\/strong> <strong>Brive<\/strong><\/td><\/tr><tr><td><strong>ROUYLOU S\u00e9bastien<\/strong> <strong>Option B<\/strong><\/td><td><strong>CLAUGER<\/strong><br><\/td><td><strong>Chef d\u2019agences Grand Limousin<\/strong> <strong>Clermont Ferrand, Brive, P\u00e9rigueux, Limoges,<\/strong><\/td><\/tr><tr><td><strong>GUIBAL Thomas<\/strong> <br><strong>Option B<\/strong><\/td><td><strong>SPIE<\/strong><\/td><td><strong>Charg\u00e9 d\u2019affaires<\/strong> <strong>Perpignan<\/strong><\/td><\/tr><tr><td><strong>ROUSSERIE Paul<\/strong> <br><strong>Option B<\/strong><\/td><td><strong>LENNOX<\/strong><\/td><td><strong>Technico-commercial<\/strong> <strong>Toulouse<\/strong><\/td><\/tr><tr><td><strong>HELLE Pierre Alain<\/strong> <strong>Option B<\/strong><\/td><td><strong>SAMIFI FRANCE<\/strong><\/td><td><strong>Responsable commercial Pays du Maghreb<\/strong><\/td><\/tr><tr><td><strong>FOURNIE Fr\u00e9d\u00e9ric<\/strong> <strong>Option B<\/strong><\/td><td><strong>CARRIER<\/strong><\/td><td><strong>Responsable client\u00e8le<\/strong> <strong>Occitanie<\/strong><\/td><\/tr><tr><td><strong>ESTOURNEL Alexandre<br>Option B<\/strong><\/td><td><strong>SNCF<\/strong><\/td><td><strong>Chef de projets P\u00e9rigueux<\/strong><\/td><\/tr><\/tbody><\/table><\/figure>\n<\/div><\/div>\n\n\n\n<div class=\"wp-block-kadence-tab kt-tab-inner-content kt-inner-tab-2 kt-inner-tab_0a0e58-dc\"><div class=\"kt-tab-inner-content-inner\">\n<h3 class=\"wp-block-heading\" id=\"21-octobre-2021\">21 octobre 2021<\/h3>\n\n\n\n<p>C&rsquo;est au cours de <strong>journ\u00e9e de sensibilisation<\/strong> que nous avons pr\u00e9vu d&rsquo;organiser notre <strong>Assembl\u00e9e G\u00e9n\u00e9rale<\/strong> <strong>2021<\/strong> ce <strong>21 Octobre 2021<\/strong> au Lyc\u00e9e Louis Vicat de Souillac. Nos anciens pr\u00e9senteront leur parcours et les d\u00e9bouch\u00e9s des fili\u00e8res <strong>G\u00e9nie Climatique<\/strong> et <strong>G\u00e9nie Frigorifique<\/strong>.<\/p>\n\n\n\n<p>Nos \u00e9tudiants auront la chance d\u2019\u00e9changer avec:<\/p>\n\n\n\n<p><em><strong>Pour le G\u00e9nie Climatique<\/strong>:<\/em><\/p>\n\n\n\n<ul class=\"wp-block-list\">\n<li>R\u00e9my BLANC, Charg\u00e9 d&rsquo;Affaires chez <strong>MARQUANT GENIE CLIM<\/strong> \u00e0 Bergerac<\/li>\n\n\n\n<li>Sandrine BASEI, Charg\u00e9e d&rsquo;Affaires chez <strong>ENGIE SOLUTIONS<\/strong> \u00e0 Pau<\/li>\n\n\n\n<li>Julien LARRIBE, Technico-Commercial Itin\u00e9rant chez <strong>THERMOR<\/strong> dans les d\u00e9partements 24, 46, 81 et 82<\/li>\n\n\n\n<li>Fran\u00e7ois LEYMARIE, Responsable secteur LIMOUSIN chez <strong>SIDV<\/strong> \u00e0 Brive<\/li>\n\n\n\n<li>Mathieu MARBEZY, chez de secteur OCCITANIE, chez <strong>SPIE<\/strong> \u00e0 Toulouse<\/li>\n\n\n\n<li>Herv\u00e9 NOAILLES, Charg\u00e9 d&rsquo;Affaires chez SARL <strong>RINGOOT<\/strong> \u00e0 Sarlat La Can\u00e9da<\/li>\n\n\n\n<li>Sandrine SERRANO, Technicienne en Bureau d\u2019\u00c9tudes chez \u00c9tablissement <strong>LEMAIRE<\/strong> \u00e0 Tulle<\/li>\n<\/ul>\n\n\n\n<hr class=\"wp-block-separator has-css-opacity\"\/>\n\n\n\n<p><strong>Pour le G\u00e9nie <em>Frigorifique:<\/em><\/strong><\/p>\n\n\n\n<ul class=\"wp-block-list\">\n<li>Denis GARDES, Charg\u00e9 d&rsquo;Affaires chez <strong>ALBAREIL<\/strong> \u00e0 Souillac<\/li>\n\n\n\n<li>Thomas GUIBAL, Responsable de l&rsquo;agence <strong>DALKIA<\/strong> \u00e0 Aurillac<\/li>\n\n\n\n<li>Nicolas MARECHAL, Technico-Commercial Itin\u00e9rant chez <strong>COFRISET<\/strong> \u00e0 Bordeaux<\/li>\n\n\n\n<li>Adrien BOULET, Technico-Commercial S\u00e9dentaire chez <strong>LE FROID PECOMARK<\/strong> \u00e0 Paris<\/li>\n\n\n\n<li>L\u00e9opold MIRC, Charg\u00e9 d&rsquo;Affaires chez <strong>CELCIUS-PRO<\/strong> \u00e0 Montauban<\/li>\n\n\n\n<li>S\u00e9bastien ROUYLOU, Charg\u00e9 d&rsquo;Affaires chez <strong>CLAUGER<\/strong> \u00e0 Brive<\/li>\n<\/ul>\n<\/div><\/div>\n\n\n\n<div class=\"wp-block-kadence-tab kt-tab-inner-content kt-inner-tab-3 kt-inner-tab_6d727b-74\"><div class=\"kt-tab-inner-content-inner\">\n<h3 class=\"wp-block-heading\" id=\"covid-19\">COVID-19 !<\/h3>\n\n\n<div class=\"wp-block-image\">\n<figure class=\"aligncenter size-full is-resized\"><img fetchpriority=\"high\" decoding=\"async\" src=\"https:\/\/association-bts-clim-souillac.com\/wp-content\/uploads\/2021\/10\/covid19-1.jpg\" alt=\"\" class=\"wp-image-482\" width=\"644\" height=\"402\"\/><figcaption class=\"wp-element-caption\">Les personnes ext\u00e9rieures ne sont pas les bienvenues&#8230;<\/figcaption><\/figure>\n<\/div>\n\n\n<p><\/p>\n<\/div><\/div>\n\n\n\n<div class=\"wp-block-kadence-tab kt-tab-inner-content kt-inner-tab-4 kt-inner-tab_efd1e2-29\"><div class=\"kt-tab-inner-content-inner\">\n<h4 class=\"wp-block-heading\" id=\"10-octobre-2019\">10 octobre 2019<\/h4>\n\n\n\n<p>Nous recevons les anciens et organisons l&rsquo;Assembl\u00e9e G\u00e9n\u00e9rale de l&rsquo;Association en parall\u00e8le.<\/p>\n\n\n\n<figure class=\"wp-block-gallery has-nested-images columns-3 is-cropped wp-block-gallery-1 is-layout-flex wp-block-gallery-is-layout-flex\">\n<figure class=\"wp-block-image size-large\"><img decoding=\"async\" width=\"1384\" height=\"672\" data-id=\"477\" src=\"https:\/\/association-bts-clim-souillac.com\/wp-content\/uploads\/2021\/10\/Resized_20191010_093221.jpg\" alt=\"\" class=\"wp-image-477\"\/><figcaption class=\"wp-element-caption\">L&rsquo;Assembl\u00e9e G\u00e9n\u00e9rale<\/figcaption><\/figure>\n\n\n\n<figure class=\"wp-block-image size-large\"><img decoding=\"async\" width=\"1384\" height=\"672\" data-id=\"453\" src=\"https:\/\/association-bts-clim-souillac.com\/wp-content\/uploads\/2021\/10\/Resized_20191010_171636-1.jpg\" alt=\"\" class=\"wp-image-453\"\/><figcaption class=\"wp-element-caption\">Le passage de t\u00e9moins<\/figcaption><\/figure>\n\n\n\n<figure class=\"wp-block-image size-large\"><img loading=\"lazy\" decoding=\"async\" width=\"1384\" height=\"672\" data-id=\"455\" src=\"https:\/\/association-bts-clim-souillac.com\/wp-content\/uploads\/2021\/10\/Resized_20191010_143036-1.jpg\" alt=\"\" class=\"wp-image-455\"\/><figcaption class=\"wp-element-caption\">F. Leymarie et G. Delmas<\/figcaption><\/figure>\n\n\n\n<figure class=\"wp-block-image size-large\"><img loading=\"lazy\" decoding=\"async\" width=\"1384\" height=\"672\" data-id=\"456\" src=\"https:\/\/association-bts-clim-souillac.com\/wp-content\/uploads\/2021\/10\/Resized_20191010_143137-1.jpg\" alt=\"\" class=\"wp-image-456\"\/><figcaption class=\"wp-element-caption\">P. Marass\u00e9 et C. Arbus<\/figcaption><\/figure>\n\n\n\n<figure class=\"wp-block-image size-large\"><img loading=\"lazy\" decoding=\"async\" width=\"1384\" height=\"672\" data-id=\"457\" src=\"https:\/\/association-bts-clim-souillac.com\/wp-content\/uploads\/2021\/10\/Resized_20191010_143239.jpg\" alt=\"\" class=\"wp-image-457\"\/><figcaption class=\"wp-element-caption\">S. Base\u00ef et F. Jallerat<\/figcaption><\/figure>\n\n\n\n<figure class=\"wp-block-image size-large\"><img loading=\"lazy\" decoding=\"async\" width=\"1384\" height=\"672\" data-id=\"464\" src=\"https:\/\/association-bts-clim-souillac.com\/wp-content\/uploads\/2021\/10\/Resized_20191010_143330.jpg\" alt=\"\" class=\"wp-image-464\"\/><figcaption class=\"wp-element-caption\">L. Ignace<\/figcaption><\/figure>\n\n\n\n<figure class=\"wp-block-image size-large\"><img loading=\"lazy\" decoding=\"async\" width=\"1384\" height=\"672\" data-id=\"472\" src=\"https:\/\/association-bts-clim-souillac.com\/wp-content\/uploads\/2021\/10\/Resized_20191010_143706.jpg\" alt=\"\" class=\"wp-image-472\"\/><figcaption class=\"wp-element-caption\">F. Espinat et J. Castel<\/figcaption><\/figure>\n\n\n\n<figure class=\"wp-block-image size-large\"><img loading=\"lazy\" decoding=\"async\" width=\"1384\" height=\"672\" data-id=\"474\" src=\"https:\/\/association-bts-clim-souillac.com\/wp-content\/uploads\/2021\/10\/Resized_20191010_143519-1.jpg\" alt=\"\" class=\"wp-image-474\"\/><figcaption class=\"wp-element-caption\">N. Mar\u00e9chal et T. Guibal<\/figcaption><\/figure>\n\n\n\n<figure class=\"wp-block-image size-large\"><img loading=\"lazy\" decoding=\"async\" width=\"820\" height=\"615\" data-id=\"476\" src=\"https:\/\/association-bts-clim-souillac.com\/wp-content\/uploads\/2021\/10\/sensibilisation-BTS-Clim-Souillac.jpg\" alt=\"\" class=\"wp-image-476\"\/><figcaption class=\"wp-element-caption\">Pr\u00eats pour une autre ann\u00e9e&#8230;<\/figcaption><\/figure>\n<\/figure>\n<\/div><\/div>\n<\/div><\/div><\/div>\n","protected":false},"excerpt":{"rendered":"<p>Nous, Association BTS-Clim, avons toujours eu \u00e0 c\u0153ur d&rsquo;entretenir des liens entre les anciens \u00e9tudiants et les nouveaux \u00e9tudiants d&rsquo;une part et entre l&rsquo;\u00e9quipe p\u00e9dagogique et les responsables du Lyc\u00e9e Louis Vicat d&rsquo;autre part. Nous essayons tant que possible de &hellip; <a href=\"https:\/\/association-bts-clim-souillac.com\/index.php\/nos-rencontres\/\">Lire la suite\u00ad\u00ad<\/a><\/p>\n","protected":false},"author":2,"featured_media":0,"parent":0,"menu_order":0,"comment_status":"closed","ping_status":"closed","template":"","meta":{"kt_blocks_editor_width":"","footnotes":""},"class_list":["post-339","page","type-page","status-publish","hentry"],"_links":{"self":[{"href":"https:\/\/association-bts-clim-souillac.com\/index.php\/wp-json\/wp\/v2\/pages\/339","targetHints":{"allow":["GET"]}}],"collection":[{"href":"https:\/\/association-bts-clim-souillac.com\/index.php\/wp-json\/wp\/v2\/pages"}],"about":[{"href":"https:\/\/association-bts-clim-souillac.com\/index.php\/wp-json\/wp\/v2\/types\/page"}],"author":[{"embeddable":true,"href":"https:\/\/association-bts-clim-souillac.com\/index.php\/wp-json\/wp\/v2\/users\/2"}],"replies":[{"embeddable":true,"href":"https:\/\/association-bts-clim-souillac.com\/index.php\/wp-json\/wp\/v2\/comments?post=339"}],"version-history":[{"count":30,"href":"https:\/\/association-bts-clim-souillac.com\/index.php\/wp-json\/wp\/v2\/pages\/339\/revisions"}],"predecessor-version":[{"id":5545,"href":"https:\/\/association-bts-clim-souillac.com\/index.php\/wp-json\/wp\/v2\/pages\/339\/revisions\/5545"}],"wp:attachment":[{"href":"https:\/\/association-bts-clim-souillac.com\/index.php\/wp-json\/wp\/v2\/media?parent=339"}],"curies":[{"name":"wp","href":"https:\/\/api.w.org\/{rel}","templated":true}]}}