{"id":269,"date":"2021-10-13T17:53:59","date_gmt":"2021-10-13T15:53:59","guid":{"rendered":"https:\/\/association-bts-clim-souillac.com\/?page_id=269"},"modified":"2021-10-19T18:56:42","modified_gmt":"2021-10-19T16:56:42","slug":"le-lycee-louis-vicat","status":"publish","type":"page","link":"https:\/\/association-bts-clim-souillac.com\/index.php\/le-lycee-louis-vicat\/","title":{"rendered":"Le Lyc\u00e9e Louis Vicat"},"content":{"rendered":"\n<h2 class=\"wp-block-heading\">Historique<\/h2>\n\n\n\n<p>Au d\u00e9but du 20\u00e9me si\u00e8cle un hospice \u00e9tait \u00e9rig\u00e9 en <strong>1912<\/strong> sur l&#8217;emplacement actuel du&nbsp;<strong>Lyc\u00e9e<\/strong>. <\/p>\n\n\n\n<p>En <strong>1932<\/strong>, l&rsquo;h\u00f4pital fut transform\u00e9 en Centre d&rsquo;Artisanat Rural, puis par la suite en <strong>Coll\u00e8ge<\/strong> d&rsquo;Enseignement Technique, avant de devenir le&nbsp;<strong>Lyc\u00e9e<\/strong>&nbsp;d&rsquo;Enseignement Technologique et Professionnel <strong>LOUIS VICAT<\/strong>.<\/p>\n\n\n\n<div class=\"wp-block-columns is-layout-flex wp-container-core-columns-is-layout-9d6595d7 wp-block-columns-is-layout-flex\">\n<div class=\"wp-block-column is-layout-flow wp-block-column-is-layout-flow\">\n<div class=\"wp-block-image\"><figure class=\"aligncenter size-full is-resized\"><img decoding=\"async\" src=\"https:\/\/association-bts-clim-souillac.com\/wp-content\/uploads\/2021\/10\/Lycee-1930-1.jpg\" alt=\"\" class=\"wp-image-277\" width=\"-36\" height=\"-22\"\/><figcaption>Avant-hier&#8230;<\/figcaption><\/figure><\/div>\n<\/div>\n\n\n\n<div class=\"wp-block-column is-layout-flow wp-block-column-is-layout-flow\">\n<div class=\"wp-block-image\"><figure class=\"aligncenter size-full\"><img fetchpriority=\"high\" decoding=\"async\" width=\"299\" height=\"169\" src=\"https:\/\/association-bts-clim-souillac.com\/wp-content\/uploads\/2021\/10\/Lycee-1980.jpg\" alt=\"\" class=\"wp-image-278\"\/><figcaption>Hier&#8230;<\/figcaption><\/figure><\/div>\n<\/div>\n\n\n\n<div class=\"wp-block-column is-layout-flow wp-block-column-is-layout-flow\">\n<div class=\"wp-block-image\"><figure class=\"aligncenter size-full\"><img decoding=\"async\" width=\"300\" height=\"168\" src=\"https:\/\/association-bts-clim-souillac.com\/wp-content\/uploads\/2021\/10\/Entree-Lycee-2021.jpg\" alt=\"\" class=\"wp-image-279\"\/><figcaption>Aujourd&rsquo;hui&#8230;<\/figcaption><\/figure><\/div>\n<\/div>\n<\/div>\n\n\n\n<p><strong>En 1986<\/strong>, le Lyc\u00e9e fut enti\u00e8rement reconstruit et on ouvrit la formation BTS <strong>F<\/strong>luides <strong>E<\/strong>nergies <strong>E<\/strong>nvironnement en <strong>1988<\/strong>. <\/p>\n\n\n\n<p>En <strong>1994<\/strong>, la construction d&rsquo;une \u00ab\u00a0annexe\u00a0\u00bb r\u00e9serv\u00e9e aux \u00e9tudiants BTS FEE contribua \u00e0 solidifier les soc de cette formation. Pour tenir compte de l&rsquo;\u00e9volution des m\u00e9tiers, des travaux de restructuration importants se sont achev\u00e9s en <strong>2004<\/strong> avec de nouveaux espaces.<\/p>\n\n\n\n<p><br>Une nouvelle restructuration s&rsquo;est termin\u00e9e en <strong>2020<\/strong> avec des ateliers <strong>G\u00e9nie Climatique<\/strong> enti\u00e8rement remis \u00e0 neuf. Reste aujourd&rsquo;hui \u00e0 terminer par les ateliers de <strong>G\u00e9nie Frigorifique<\/strong> avec ses nouvelles machines au CO2.<\/p>\n\n\n\n<hr class=\"wp-block-separator\"\/>\n\n\n\n<h2 class=\"wp-block-heading\">Le BTS FED<\/h2>\n\n\n\n<figure class=\"wp-block-embed is-type-video is-provider-youtube wp-block-embed-youtube wp-embed-aspect-16-9 wp-has-aspect-ratio\"><div class=\"wp-block-embed__wrapper\">\n<iframe title=\"JPO BTS FED VICAT SOUILLAC\" width=\"1140\" height=\"641\" src=\"https:\/\/www.youtube.com\/embed\/yEAtXj6YroI?feature=oembed\" frameborder=\"0\" allow=\"accelerometer; autoplay; clipboard-write; encrypted-media; gyroscope; picture-in-picture\" allowfullscreen><\/iframe>\n<\/div><\/figure>\n\n\n\n<hr class=\"wp-block-separator\"\/>\n\n\n\n<h2 class=\"wp-block-heading\">Option A: Le G\u00e9nie Climatique<\/h2>\n\n\n\n<figure class=\"wp-block-embed is-type-video is-provider-youtube wp-block-embed-youtube wp-embed-aspect-16-9 wp-has-aspect-ratio\"><div class=\"wp-block-embed__wrapper\">\n<iframe title=\"FED VICAT Option A\" width=\"1140\" height=\"641\" src=\"https:\/\/www.youtube.com\/embed\/W2IfDv1FS9M?feature=oembed\" frameborder=\"0\" allow=\"accelerometer; autoplay; clipboard-write; encrypted-media; gyroscope; picture-in-picture\" allowfullscreen><\/iframe>\n<\/div><\/figure>\n\n\n\n<hr class=\"wp-block-separator\"\/>\n\n\n\n<h2 class=\"wp-block-heading\">Option B: Le G\u00e9nie Frigorifique<\/h2>\n\n\n\n<figure class=\"wp-block-embed is-type-video is-provider-youtube wp-block-embed-youtube wp-embed-aspect-16-9 wp-has-aspect-ratio\"><div class=\"wp-block-embed__wrapper\">\n<iframe title=\"FED VICAT Option B\" width=\"1140\" height=\"641\" src=\"https:\/\/www.youtube.com\/embed\/qUG-sHMePK4?feature=oembed\" frameborder=\"0\" allow=\"accelerometer; autoplay; clipboard-write; encrypted-media; gyroscope; picture-in-picture\" allowfullscreen><\/iframe>\n<\/div><\/figure>\n","protected":false},"excerpt":{"rendered":"<p>Historique Au d\u00e9but du 20\u00e9me si\u00e8cle un hospice \u00e9tait \u00e9rig\u00e9 en 1912 sur l&#8217;emplacement actuel du&nbsp;Lyc\u00e9e. En 1932, l&rsquo;h\u00f4pital fut transform\u00e9 en Centre d&rsquo;Artisanat Rural, puis par la suite en Coll\u00e8ge d&rsquo;Enseignement Technique, avant de devenir le&nbsp;Lyc\u00e9e&nbsp;d&rsquo;Enseignement Technologique et Professionnel &hellip; <a href=\"https:\/\/association-bts-clim-souillac.com\/index.php\/le-lycee-louis-vicat\/\">Lire la suite\u00ad\u00ad<\/a><\/p>\n","protected":false},"author":2,"featured_media":0,"parent":0,"menu_order":0,"comment_status":"closed","ping_status":"closed","template":"","meta":{"kt_blocks_editor_width":"","footnotes":""},"class_list":["post-269","page","type-page","status-publish","hentry"],"_links":{"self":[{"href":"https:\/\/association-bts-clim-souillac.com\/index.php\/wp-json\/wp\/v2\/pages\/269","targetHints":{"allow":["GET"]}}],"collection":[{"href":"https:\/\/association-bts-clim-souillac.com\/index.php\/wp-json\/wp\/v2\/pages"}],"about":[{"href":"https:\/\/association-bts-clim-souillac.com\/index.php\/wp-json\/wp\/v2\/types\/page"}],"author":[{"embeddable":true,"href":"https:\/\/association-bts-clim-souillac.com\/index.php\/wp-json\/wp\/v2\/users\/2"}],"replies":[{"embeddable":true,"href":"https:\/\/association-bts-clim-souillac.com\/index.php\/wp-json\/wp\/v2\/comments?post=269"}],"version-history":[{"count":13,"href":"https:\/\/association-bts-clim-souillac.com\/index.php\/wp-json\/wp\/v2\/pages\/269\/revisions"}],"predecessor-version":[{"id":499,"href":"https:\/\/association-bts-clim-souillac.com\/index.php\/wp-json\/wp\/v2\/pages\/269\/revisions\/499"}],"wp:attachment":[{"href":"https:\/\/association-bts-clim-souillac.com\/index.php\/wp-json\/wp\/v2\/media?parent=269"}],"curies":[{"name":"wp","href":"https:\/\/api.w.org\/{rel}","templated":true}]}}