{"id":1571,"date":"2021-11-05T23:12:33","date_gmt":"2021-11-05T22:12:33","guid":{"rendered":"https:\/\/association-bts-clim-souillac.com\/?page_id=1571"},"modified":"2021-12-18T16:07:09","modified_gmt":"2021-12-18T15:07:09","slug":"cgv","status":"publish","type":"page","link":"https:\/\/association-bts-clim-souillac.com\/index.php\/cgv\/","title":{"rendered":"Conditions G\u00e9n\u00e9rales de Vente"},"content":{"rendered":"\n<h2 class=\"wp-block-heading\">Clause n\u00b01 : Objet de champ d&rsquo;application<\/h2>\n\n\n\n<p class=\"has-text-align-left\">Les pr\u00e9sentes conditions g\u00e9n\u00e9rales de vente (CGV) constituent le socle de la n\u00e9gociation commerciale et sont syst\u00e9matiquement adress\u00e9es ou remises \u00e0 chaque acheteur pour lui permettre de passer commande.<\/p>\n\n\n\n<p>Les conditions g\u00e9n\u00e9rales de vente d\u00e9crites ci-apr\u00e8s d\u00e9taillent les droits et obligations de l&rsquo;\u00ab\u2009Association des BTS G\u00e9nie climatique de Souillac \u00bb ci apr\u00e8s  \u00ab l&rsquo;Association \u00bb et de son client dans le cadre de la vente des marchandises suivantes : <\/p>\n\n\n\n<ul class=\"wp-block-list\"><li>Titre d&rsquo;adh\u00e9sion \u00e0 l&rsquo;Association valable pour l&rsquo;ann\u00e9e scolaire (France) en cours.<\/li><li>Titre de participation \u00e0 la \u00ab\u2009Journ\u00e9e Inter-Promotion\u2009\u00bb (JIP) organis\u00e9e par l&rsquo;Association et valable une fois sur l&rsquo;ann\u00e9e scolaire en cours.<\/li><\/ul>\n\n\n\n<p>Toute acceptation du bon de commande en ce compris la clause \u00ab Je reconnais avoir pris connaissance et j&rsquo;accepte les conditions g\u00e9n\u00e9rales de vente ci-annex\u00e9es \u00bb implique l&rsquo;adh\u00e9sion sans r\u00e9serve de l&rsquo;acheteur aux pr\u00e9sentes conditions g\u00e9n\u00e9rales de vente.<\/p>\n\n\n\n<div class=\"wp-block-cover has-background-dim\"><img fetchpriority=\"high\" decoding=\"async\" width=\"1024\" height=\"512\" class=\"wp-block-cover__image-background wp-image-1538\" alt=\"\" src=\"https:\/\/association-bts-clim-souillac.com\/wp-content\/uploads\/2021\/11\/Service-en-constuction...-1-1-1024x512.png\" data-object-fit=\"cover\" srcset=\"https:\/\/association-bts-clim-souillac.com\/wp-content\/uploads\/2021\/11\/Service-en-constuction...-1-1-1024x512.png 1024w, https:\/\/association-bts-clim-souillac.com\/wp-content\/uploads\/2021\/11\/Service-en-constuction...-1-1-300x150.png 300w, https:\/\/association-bts-clim-souillac.com\/wp-content\/uploads\/2021\/11\/Service-en-constuction...-1-1-768x384.png 768w, https:\/\/association-bts-clim-souillac.com\/wp-content\/uploads\/2021\/11\/Service-en-constuction...-1-1-1536x768.png 1536w, https:\/\/association-bts-clim-souillac.com\/wp-content\/uploads\/2021\/11\/Service-en-constuction...-1-1-2048x1024.png 2048w\" sizes=\"(max-width: 1024px) 100vw, 1024px\" \/><div class=\"wp-block-cover__inner-container is-layout-flow wp-block-cover-is-layout-flow\">\n<p class=\"has-text-align-center has-large-font-size\"><\/p>\n<\/div><\/div>\n","protected":false},"excerpt":{"rendered":"<p>Clause n\u00b01 : Objet de champ d&rsquo;application Les pr\u00e9sentes conditions g\u00e9n\u00e9rales de vente (CGV) constituent le socle de la n\u00e9gociation commerciale et sont syst\u00e9matiquement adress\u00e9es ou remises \u00e0 chaque acheteur pour lui permettre de passer commande. Les conditions g\u00e9n\u00e9rales de &hellip; <a href=\"https:\/\/association-bts-clim-souillac.com\/index.php\/cgv\/\">Lire la suite\u00ad\u00ad<\/a><\/p>\n","protected":false},"author":1,"featured_media":0,"parent":0,"menu_order":0,"comment_status":"closed","ping_status":"closed","template":"","meta":{"kt_blocks_editor_width":"","footnotes":""},"class_list":["post-1571","page","type-page","status-publish","hentry"],"_links":{"self":[{"href":"https:\/\/association-bts-clim-souillac.com\/index.php\/wp-json\/wp\/v2\/pages\/1571","targetHints":{"allow":["GET"]}}],"collection":[{"href":"https:\/\/association-bts-clim-souillac.com\/index.php\/wp-json\/wp\/v2\/pages"}],"about":[{"href":"https:\/\/association-bts-clim-souillac.com\/index.php\/wp-json\/wp\/v2\/types\/page"}],"author":[{"embeddable":true,"href":"https:\/\/association-bts-clim-souillac.com\/index.php\/wp-json\/wp\/v2\/users\/1"}],"replies":[{"embeddable":true,"href":"https:\/\/association-bts-clim-souillac.com\/index.php\/wp-json\/wp\/v2\/comments?post=1571"}],"version-history":[{"count":3,"href":"https:\/\/association-bts-clim-souillac.com\/index.php\/wp-json\/wp\/v2\/pages\/1571\/revisions"}],"predecessor-version":[{"id":2141,"href":"https:\/\/association-bts-clim-souillac.com\/index.php\/wp-json\/wp\/v2\/pages\/1571\/revisions\/2141"}],"wp:attachment":[{"href":"https:\/\/association-bts-clim-souillac.com\/index.php\/wp-json\/wp\/v2\/media?parent=1571"}],"curies":[{"name":"wp","href":"https:\/\/api.w.org\/{rel}","templated":true}]}}