{"id":15277,"date":"2026-03-16T10:23:32","date_gmt":"2026-03-16T09:23:32","guid":{"rendered":"https:\/\/association-bts-clim-souillac.com\/?page_id=15277"},"modified":"2026-04-02T19:30:00","modified_gmt":"2026-04-02T17:30:00","slug":"jip-2026","status":"publish","type":"page","link":"https:\/\/association-bts-clim-souillac.com\/index.php\/jip-2026\/","title":{"rendered":"JIP 2026"},"content":{"rendered":"<style>.kb-row-layout-id15277_388e5e-4f > .kt-row-column-wrap{align-content:start;}:where(.kb-row-layout-id15277_388e5e-4f > .kt-row-column-wrap) > .wp-block-kadence-column{justify-content:start;}.kb-row-layout-id15277_388e5e-4f > .kt-row-column-wrap{column-gap:var(--global-kb-gap-md, 2rem);row-gap:var(--global-kb-gap-md, 2rem);max-width:900px;margin-left:auto;margin-right:auto;padding-top:210px;padding-bottom:217px;grid-template-columns:minmax(0, 1fr);}.kb-row-layout-id15277_388e5e-4f{background-image:url('https:\/\/association-bts-clim-souillac.com\/wp-content\/uploads\/2021\/10\/C.E.F-40.jpg');background-size:auto;background-position:47% 83%;background-attachment:fixed;background-repeat:no-repeat;}.kb-row-layout-id15277_388e5e-4f > .kt-row-layout-overlay{opacity:0.88;background:linear-gradient(90deg, #37c2e7 22%, #1c809a 100%);mix-blend-mode:darken;}.kb-row-layout-id15277_388e5e-4f .kt-row-layout-bottom-sep{height:100px;}.kb-row-layout-id15277_388e5e-4f .kt-row-layout-bottom-sep svg{width:100%;}.kb-row-layout-id15277_388e5e-4f .kt-row-layout-bottom-sep svg{fill:#ffffff!important;}@media all and (max-width: 1024px), only screen and (min-device-width: 1024px) and (max-device-width: 1366px) and (-webkit-min-device-pixel-ratio: 2) and (hover: none){.kb-row-layout-id15277_388e5e-4f{background-attachment:scroll;}}@media all and (max-width: 1024px){.kb-row-layout-id15277_388e5e-4f > .kt-row-column-wrap{grid-template-columns:minmax(0, 1fr);}}@media all and (max-width: 1024px){.kb-row-layout-id15277_388e5e-4f .kt-row-layout-bottom-sep{height:px;}}@media all and (max-width: 1024px){.kb-row-layout-id15277_388e5e-4f .kt-row-layout-bottom-sep svg{width:%;}}@media all and (max-width: 767px){.kb-row-layout-id15277_388e5e-4f > .kt-row-column-wrap{grid-template-columns:minmax(0, 1fr);}.kb-row-layout-wrap.wp-block-kadence-rowlayout.kb-row-layout-id15277_388e5e-4f{background:#6c8dab;background-image:none !important;}.kb-row-layout-id15277_388e5e-4f [id*=\"jarallax-container-\"]{display:none !important;}.kb-row-layout-id15277_388e5e-4f .kt-row-layout-bottom-sep{height:px;}.kb-row-layout-id15277_388e5e-4f .kt-row-layout-bottom-sep svg{width:%;}}<\/style><div class=\"kb-row-layout-wrap kb-row-layout-id15277_388e5e-4f alignfull kt-row-has-bg kt-jarallax wp-block-kadence-rowlayout\" data-img-position=\"47% 83%\" data-img-size=\"auto\" data-img-repeat=\"no-repeat\"><div class=\"kt-row-layout-overlay kt-row-overlay-gradient\"><\/div><div class=\"kt-row-layout-bottom-sep kt-row-sep-type-ctd\"><svg viewBox=\"0 0 1000 100\" preserveAspectRatio=\"none\"><path d=\"M1000,0l-500,98l-500,-98l0,100l1000,0l0,-100Z\" style=\"opacity: 0.4\" \/><path d=\"M1000,20l-500,78l-500,-78l0,80l1000,0l0,-80Z\" \/><\/svg><\/div><div class=\"kt-row-column-wrap kt-has-1-columns kt-row-layout-equal kt-tab-layout-inherit kt-mobile-layout-row kt-row-valign-top\">\n<style>.kadence-column15277_6a9bec-25 > .kt-inside-inner-col,.kadence-column15277_6a9bec-25 > .kt-inside-inner-col:before{border-top-left-radius:0px;border-top-right-radius:0px;border-bottom-right-radius:0px;border-bottom-left-radius:0px;}.kadence-column15277_6a9bec-25 > .kt-inside-inner-col{column-gap:var(--global-kb-gap-sm, 1rem);}.kadence-column15277_6a9bec-25 > .kt-inside-inner-col{flex-direction:column;}.kadence-column15277_6a9bec-25 > .kt-inside-inner-col > .aligncenter{width:100%;}.kadence-column15277_6a9bec-25 > .kt-inside-inner-col:before{opacity:0.3;}.kadence-column15277_6a9bec-25{position:relative;}@media all and (max-width: 1024px){.kadence-column15277_6a9bec-25 > .kt-inside-inner-col{flex-direction:column;justify-content:center;}}@media all and (max-width: 767px){.kadence-column15277_6a9bec-25 > .kt-inside-inner-col{flex-direction:column;justify-content:center;}}<\/style>\n<div class=\"wp-block-kadence-column kadence-column15277_6a9bec-25 inner-column-1\"><div class=\"kt-inside-inner-col\"><style>.wp-block-kadence-advancedheading.kt-adv-heading15277_ead174-72, .wp-block-kadence-advancedheading.kt-adv-heading15277_ead174-72[data-kb-block=\"kb-adv-heading15277_ead174-72\"]{text-align:center;font-size:3.5em;line-height:1.3em;font-weight:800;font-style:normal;font-family:Montserrat;color:#ffffff;}.wp-block-kadence-advancedheading.kt-adv-heading15277_ead174-72 mark.kt-highlight, .wp-block-kadence-advancedheading.kt-adv-heading15277_ead174-72[data-kb-block=\"kb-adv-heading15277_ead174-72\"] mark.kt-highlight{font-style:normal;color:#f76a0c;-webkit-box-decoration-break:clone;box-decoration-break:clone;padding-top:0px;padding-right:0px;padding-bottom:0px;padding-left:0px;}.wp-block-kadence-advancedheading.kt-adv-heading15277_ead174-72 img.kb-inline-image, .wp-block-kadence-advancedheading.kt-adv-heading15277_ead174-72[data-kb-block=\"kb-adv-heading15277_ead174-72\"] img.kb-inline-image{width:150px;vertical-align:baseline;}@media all and (max-width: 767px){.wp-block-kadence-advancedheading.kt-adv-heading15277_ead174-72, .wp-block-kadence-advancedheading.kt-adv-heading15277_ead174-72[data-kb-block=\"kb-adv-heading15277_ead174-72\"]{font-size:1.2em;}}<\/style>\n<h1 class=\"kt-adv-heading15277_ead174-72 wp-block-kadence-advancedheading\" data-kb-block=\"kb-adv-heading15277_ead174-72\">BILLETERIE JIP 2026<\/h1>\n<\/div><\/div>\n\n<\/div><\/div>\n\n\n<div class=\"wp-block-media-text is-stacked-on-mobile is-image-fill-element\"><figure class=\"wp-block-media-text__media\"><img fetchpriority=\"high\" decoding=\"async\" width=\"500\" height=\"500\" src=\"https:\/\/association-bts-clim-souillac.com\/wp-content\/uploads\/2026\/03\/JIP-2022.png\" alt=\"\" class=\"wp-image-15282 size-full\" style=\"object-position:50% 50%\" srcset=\"https:\/\/association-bts-clim-souillac.com\/wp-content\/uploads\/2026\/03\/JIP-2022.png 500w, https:\/\/association-bts-clim-souillac.com\/wp-content\/uploads\/2026\/03\/JIP-2022-300x300.png 300w, https:\/\/association-bts-clim-souillac.com\/wp-content\/uploads\/2026\/03\/JIP-2022-150x150.png 150w\" sizes=\"(max-width: 500px) 100vw, 500px\" \/><\/figure><div class=\"wp-block-media-text__content\">\n<h2 class=\"wp-block-heading\">La date \u00e0 retenir: le 11\/04\/2026 !<\/h2>\n\n\n\n<p>Cette ann\u00e9e, nous renouvelons la JIP sous la forme du repas traiteur! <\/p>\n\n\n\n<p><\/p>\n<\/div><\/div>\n\n\n<style>.wp-block-kadence-spacer.kt-block-spacer-15277_361e73-9d .kt-block-spacer{height:60px;}.wp-block-kadence-spacer.kt-block-spacer-15277_361e73-9d .kt-divider{border-top-width:1px;height:1px;border-top-color:#eee;width:80%;border-top-style:solid;}<\/style>\n<div class=\"wp-block-kadence-spacer aligncenter kt-block-spacer-15277_361e73-9d\"><div class=\"kt-block-spacer kt-block-spacer-halign-center\"><hr class=\"kt-divider\"\/><\/div><\/div>\n\n\n<style>.kb-countdown-container-15277_c19f76-79{border-top-left-radius:0px;border-top-right-radius:0px;border-bottom-right-radius:0px;border-bottom-left-radius:0px;border-top-width:0px;border-right-width:0px;border-bottom-width:0px;border-left-width:0px;}.kb-countdown-container-15277_c19f76-79 .kb-countdown-date-item:not( .kb-countdown-divider-item ){border-top-left-radius:0px;border-top-right-radius:0px;border-bottom-right-radius:0px;border-bottom-left-radius:0px;}<\/style>\n<div class=\"wp-block-kadence-countdown kb-countdown-container kb-countdown-container-15277_c19f76-79 kb-countdown-timer-layout-block kb-countdown-has-timer kb-countdown-align-center\" data-id=\"15277_c19f76-79\">\n<div class=\"wp-block-kadence-countdown-timer kb-countdown-timer-15277_17d40a-c7 kb-countdown-timer\"><div class=\"kb-countdown-item kb-countdown-date-item\"><span class=\"kb-countdown-number\">\u00a0<\/span><span class=\"kb-countdown-label\">\u00a0<\/span><\/div><\/div>\n<\/div>\n\n\n\n<hr class=\"wp-block-separator has-alpha-channel-opacity is-style-dots\"\/>\n\n\n\n<h2 class=\"wp-block-heading has-medium-font-size\">Le programme: <\/h2>\n\n\n\n<figure class=\"wp-block-image size-large\"><img decoding=\"async\" width=\"724\" height=\"1024\" src=\"https:\/\/association-bts-clim-souillac.com\/wp-content\/uploads\/2026\/03\/affiche-2026--724x1024.jpg\" alt=\"\" class=\"wp-image-15291\" srcset=\"https:\/\/association-bts-clim-souillac.com\/wp-content\/uploads\/2026\/03\/affiche-2026--724x1024.jpg 724w, https:\/\/association-bts-clim-souillac.com\/wp-content\/uploads\/2026\/03\/affiche-2026--212x300.jpg 212w, https:\/\/association-bts-clim-souillac.com\/wp-content\/uploads\/2026\/03\/affiche-2026--768x1086.jpg 768w, https:\/\/association-bts-clim-souillac.com\/wp-content\/uploads\/2026\/03\/affiche-2026--1086x1536.jpg 1086w, https:\/\/association-bts-clim-souillac.com\/wp-content\/uploads\/2026\/03\/affiche-2026-.jpg 1241w\" sizes=\"(max-width: 724px) 100vw, 724px\" \/><\/figure>\n\n\n\n<h2 class=\"wp-block-heading has-medium-font-size\">Pour rappel, l&rsquo;adh\u00e9sion est obligatoire!<\/h2>\n\n\n\n<h2 class=\"wp-block-heading has-medium-font-size\">Le menu<\/h2>\n\n\n\n<div class=\"wp-block-columns is-layout-flex wp-container-core-columns-is-layout-9d6595d7 wp-block-columns-is-layout-flex\">\n<div class=\"wp-block-column is-layout-flow wp-block-column-is-layout-flow\">\n<p>Cette ann\u00e9e, notre traiteur vous propose 3 plats diff\u00e9rents: viande rouge, demi magret ou pav\u00e9 de saumon. <\/p>\n<\/div>\n<\/div>\n\n\n\n<p>S\u00e9lectionnez le nombre de plats selon le nombre de personnes de votre groupe. <\/p>\n\n\n<style>.wp-block-kadence-spacer.kt-block-spacer-15277_0e3aef-17 .kt-block-spacer{height:24px;}.wp-block-kadence-spacer.kt-block-spacer-15277_0e3aef-17 .kt-divider{border-top-width:1px;height:1px;border-top-color:#eee;width:80%;border-top-style:solid;}<\/style>\n<div class=\"wp-block-kadence-spacer aligncenter kt-block-spacer-15277_0e3aef-17\"><div class=\"kt-block-spacer kt-block-spacer-halign-center\"><hr class=\"kt-divider\"\/><\/div><\/div>\n\n\n<div class='mt-order mt-closed'><p>Les ventes en ligne pour cet \u00e9v\u00e9nement sont ferm\u00e9es<\/p><\/div>\n\n\n<style>.kadence-column832_44724c-14 > .kt-inside-inner-col,.kadence-column832_44724c-14 > .kt-inside-inner-col:before{border-top-left-radius:0px;border-top-right-radius:0px;border-bottom-right-radius:0px;border-bottom-left-radius:0px;}.kadence-column832_44724c-14 > .kt-inside-inner-col{column-gap:var(--global-kb-gap-sm, 1rem);}.kadence-column832_44724c-14 > .kt-inside-inner-col{flex-direction:column;}.kadence-column832_44724c-14 > .kt-inside-inner-col > .aligncenter{width:100%;}.kadence-column832_44724c-14 > .kt-inside-inner-col:before{opacity:0.3;}.kadence-column832_44724c-14{position:relative;}@media all and (max-width: 1024px){.kadence-column832_44724c-14 > .kt-inside-inner-col{flex-direction:column;justify-content:center;}}@media all and (max-width: 767px){.kadence-column832_44724c-14 > .kt-inside-inner-col{flex-direction:column;justify-content:center;}}<\/style>\n<div class=\"wp-block-kadence-column kadence-column832_44724c-14 inner-column-1\"><div class=\"kt-inside-inner-col\"><style>.wp-block-kadence-icon.kt-svg-icons832_e413da-c2{justify-content:center;}<\/style>\n<div class=\"wp-block-kadence-icon kt-svg-icons kt-svg-icons832_e413da-c2 alignnone\"><style>.kt-svg-item-832_1eaecd-c3 .kb-svg-icon-wrap, .kt-svg-style-stacked.kt-svg-item-832_1eaecd-c3 .kb-svg-icon-wrap{color:#ffffff;font-size:50px;background:#e50b0b;border-color:#444;border-width:3px;border-radius:5%;padding-top:20px;padding-right:20px;padding-bottom:20px;padding-left:20px;}<\/style>\n<div class=\"wp-block-kadence-single-icon kt-svg-style-stacked kt-svg-icon-wrap kt-svg-item-832_1eaecd-c3\"><a href=\"https:\/\/association-bts-clim-souillac.com\/index.php\/notice\/\" class=\"kt-svg-icon-link\"><span class=\"kb-svg-icon-wrap kb-svg-icon-fe_helpCircle\"><svg viewBox=\"0 0 24 24\"  fill=\"none\" stroke=\"currentColor\" stroke-width=\"1.5\" stroke-linecap=\"round\" stroke-linejoin=\"round\" xmlns=\"http:\/\/www.w3.org\/2000\/svg\"  aria-hidden=\"true\"><circle cx=\"12\" cy=\"12\" r=\"10\"\/><path d=\"M9.09 9a3 3 0 0 1 5.83 1c0 2-3 3-3 3\"\/><line x1=\"12\" y1=\"17\" x2=\"12\" y2=\"17\"\/><\/svg><\/span><\/a><\/div>\n<\/div>\n\n\n<style>.wp-block-kadence-advancedheading.kt-adv-heading832_6efbf3-67, .wp-block-kadence-advancedheading.kt-adv-heading832_6efbf3-67[data-kb-block=\"kb-adv-heading832_6efbf3-67\"]{margin-top:15px;margin-bottom:15px;text-align:center;font-size:20px;line-height:30px;font-weight:600;font-style:normal;font-family:Montserrat;}.wp-block-kadence-advancedheading.kt-adv-heading832_6efbf3-67 mark.kt-highlight, .wp-block-kadence-advancedheading.kt-adv-heading832_6efbf3-67[data-kb-block=\"kb-adv-heading832_6efbf3-67\"] mark.kt-highlight{font-style:normal;color:#f76a0c;-webkit-box-decoration-break:clone;box-decoration-break:clone;padding-top:0px;padding-right:0px;padding-bottom:0px;padding-left:0px;}.wp-block-kadence-advancedheading.kt-adv-heading832_6efbf3-67 img.kb-inline-image, .wp-block-kadence-advancedheading.kt-adv-heading832_6efbf3-67[data-kb-block=\"kb-adv-heading832_6efbf3-67\"] img.kb-inline-image{width:150px;vertical-align:baseline;}<\/style>\n<h3 class=\"kt-adv-heading832_6efbf3-67 wp-block-kadence-advancedheading\" data-kb-block=\"kb-adv-heading832_6efbf3-67\">Notice<\/h3>\n\n\n\n<p class=\"has-text-align-center has-small-font-size\">Avant tout achat, n&rsquo;oublie pas de lire la notice de la boutique! <\/p>\n<\/div><\/div>\n\n\n\n<div class=\"wp-block-columns is-layout-flex wp-container-core-columns-is-layout-9d6595d7 wp-block-columns-is-layout-flex\">\n<div class=\"wp-block-column is-layout-flow wp-block-column-is-layout-flow\"><style>.wp-block-kadence-icon.kt-svg-icons15277_35ef8b-77{justify-content:center;}<\/style>\n<div class=\"wp-block-kadence-icon kt-svg-icons kt-svg-icons15277_35ef8b-77 alignnone\"><style>.kt-svg-item-15277_4e17a9-1b .kb-svg-icon-wrap, .kt-svg-style-stacked.kt-svg-item-15277_4e17a9-1b .kb-svg-icon-wrap{color:#444444;font-size:50px;}<\/style>\n<div class=\"wp-block-kadence-single-icon kt-svg-style-default kt-svg-icon-wrap kt-svg-item-15277_4e17a9-1b\"><span class=\"kb-svg-icon-wrap kb-svg-icon-fe_mail\"><svg viewBox=\"0 0 24 24\"  fill=\"none\" stroke=\"currentColor\" stroke-width=\"2\" stroke-linecap=\"round\" stroke-linejoin=\"round\" xmlns=\"http:\/\/www.w3.org\/2000\/svg\"  aria-hidden=\"true\"><path d=\"M4 4h16c1.1 0 2 .9 2 2v12c0 1.1-.9 2-2 2H4c-1.1 0-2-.9-2-2V6c0-1.1.9-2 2-2z\"\/><polyline points=\"22,6 12,13 2,6\"\/><\/svg><\/span><\/div>\n<\/div>\n<\/div>\n\n\n\n<div class=\"wp-block-column is-layout-flow wp-block-column-is-layout-flow\">\n<p>L<strong>es mails de la billetterie peuvent arriver dans le dossier SPAM! <\/strong><\/p>\n\n\n\n<p>Pensez \u00e0 le v\u00e9rifier! <\/p>\n<\/div>\n<\/div>\n\n\n<style>.kb-row-layout-id2381_fbec88-21 > .kt-row-column-wrap{align-content:center;}:where(.kb-row-layout-id2381_fbec88-21 > .kt-row-column-wrap) > .wp-block-kadence-column{justify-content:center;}.kb-row-layout-id2381_fbec88-21 > .kt-row-column-wrap{column-gap:var(--global-kb-gap-lg, 4rem);row-gap:var(--global-kb-gap-md, 2rem);max-width:1140px;padding-top:60px;padding-bottom:60px;grid-template-columns:repeat(2, minmax(0, 1fr));}.kb-row-layout-id2381_fbec88-21 > .kt-row-layout-overlay{opacity:0.30;}@media all and (max-width: 1024px){.kb-row-layout-id2381_fbec88-21 > .kt-row-column-wrap{grid-template-columns:repeat(2, minmax(0, 1fr));}}@media all and (max-width: 767px){.kb-row-layout-id2381_fbec88-21 > .kt-row-column-wrap{grid-template-columns:minmax(0, 1fr);}}<\/style><div class=\"kb-row-layout-wrap kb-row-layout-id2381_fbec88-21 alignwide wp-block-kadence-rowlayout\"><div class=\"kt-row-column-wrap kt-has-2-columns kt-row-layout-equal kt-tab-layout-inherit kt-mobile-layout-row kt-row-valign-middle kb-theme-content-width\">\n<style>.kadence-column2381_fb3603-5e > .kt-inside-inner-col,.kadence-column2381_fb3603-5e > .kt-inside-inner-col:before{border-top-left-radius:0px;border-top-right-radius:0px;border-bottom-right-radius:0px;border-bottom-left-radius:0px;}.kadence-column2381_fb3603-5e > .kt-inside-inner-col{column-gap:var(--global-kb-gap-sm, 1rem);}.kadence-column2381_fb3603-5e > .kt-inside-inner-col{flex-direction:column;}.kadence-column2381_fb3603-5e > .kt-inside-inner-col > .aligncenter{width:100%;}.kadence-column2381_fb3603-5e > .kt-inside-inner-col:before{opacity:0.3;}.kadence-column2381_fb3603-5e{position:relative;}@media all and (max-width: 1024px){.kadence-column2381_fb3603-5e > .kt-inside-inner-col{flex-direction:column;justify-content:center;}}@media all and (max-width: 767px){.kadence-column2381_fb3603-5e > .kt-inside-inner-col{flex-direction:column;justify-content:center;}}<\/style>\n<div class=\"wp-block-kadence-column kadence-column2381_fb3603-5e inner-column-1\"><div class=\"kt-inside-inner-col\"><div class=\"wp-block-image is-resized\">\n<figure class=\"aligncenter size-large\"><img decoding=\"async\" width=\"1024\" height=\"1024\" src=\"https:\/\/association-bts-clim-souillac.com\/wp-content\/uploads\/2021\/11\/742-1-1024x1024.png\" alt=\"\" class=\"wp-image-1040\" srcset=\"https:\/\/association-bts-clim-souillac.com\/wp-content\/uploads\/2021\/11\/742-1-1024x1024.png 1024w, https:\/\/association-bts-clim-souillac.com\/wp-content\/uploads\/2021\/11\/742-1-300x300.png 300w, https:\/\/association-bts-clim-souillac.com\/wp-content\/uploads\/2021\/11\/742-1-150x150.png 150w, https:\/\/association-bts-clim-souillac.com\/wp-content\/uploads\/2021\/11\/742-1-768x768.png 768w, https:\/\/association-bts-clim-souillac.com\/wp-content\/uploads\/2021\/11\/742-1.png 1080w\" sizes=\"(max-width: 1024px) 100vw, 1024px\" \/><\/figure>\n<\/div>\n\n\n<p><\/p>\n<\/div><\/div>\n\n\n<style>.kadence-column2381_aa4eb1-f1 > .kt-inside-inner-col,.kadence-column2381_aa4eb1-f1 > .kt-inside-inner-col:before{border-top-left-radius:0px;border-top-right-radius:0px;border-bottom-right-radius:0px;border-bottom-left-radius:0px;}.kadence-column2381_aa4eb1-f1 > .kt-inside-inner-col{column-gap:var(--global-kb-gap-sm, 1rem);}.kadence-column2381_aa4eb1-f1 > .kt-inside-inner-col{flex-direction:column;}.kadence-column2381_aa4eb1-f1 > .kt-inside-inner-col > .aligncenter{width:100%;}.kadence-column2381_aa4eb1-f1 > .kt-inside-inner-col:before{opacity:0.3;}.kadence-column2381_aa4eb1-f1{position:relative;}@media all and (max-width: 1024px){.kadence-column2381_aa4eb1-f1 > .kt-inside-inner-col{flex-direction:column;justify-content:center;}}@media all and (max-width: 767px){.kadence-column2381_aa4eb1-f1 > .kt-inside-inner-col{flex-direction:column;justify-content:center;}}<\/style>\n<div class=\"wp-block-kadence-column kadence-column2381_aa4eb1-f1 inner-column-2\"><div class=\"kt-inside-inner-col\"><style>.wp-block-kadence-advancedheading.kt-adv-heading2381_884c94-91, .wp-block-kadence-advancedheading.kt-adv-heading2381_884c94-91[data-kb-block=\"kb-adv-heading2381_884c94-91\"]{margin-top:1px;margin-bottom:1px;text-align:left;font-size:20px;line-height:24px;font-weight:200;font-style:normal;font-family:Montserrat;color:#444;}.wp-block-kadence-advancedheading.kt-adv-heading2381_884c94-91 mark.kt-highlight, .wp-block-kadence-advancedheading.kt-adv-heading2381_884c94-91[data-kb-block=\"kb-adv-heading2381_884c94-91\"] mark.kt-highlight{font-style:normal;color:#f76a0c;-webkit-box-decoration-break:clone;box-decoration-break:clone;padding-top:0px;padding-right:0px;padding-bottom:0px;padding-left:0px;}.wp-block-kadence-advancedheading.kt-adv-heading2381_884c94-91 img.kb-inline-image, .wp-block-kadence-advancedheading.kt-adv-heading2381_884c94-91[data-kb-block=\"kb-adv-heading2381_884c94-91\"] img.kb-inline-image{width:150px;vertical-align:baseline;}<\/style>\n<h5 class=\"kt-adv-heading2381_884c94-91 wp-block-kadence-advancedheading\" data-kb-block=\"kb-adv-heading2381_884c94-91\">Prendre ton billet en ligne, c&rsquo;est<\/h5>\n\n\n<style>.wp-block-kadence-advancedheading.kt-adv-heading2381_49c283-37, .wp-block-kadence-advancedheading.kt-adv-heading2381_49c283-37[data-kb-block=\"kb-adv-heading2381_49c283-37\"]{margin-top:1px;margin-bottom:15px;text-align:left;font-size:40px;line-height:50px;font-weight:800;font-style:normal;font-family:Montserrat;color:#444;}.wp-block-kadence-advancedheading.kt-adv-heading2381_49c283-37 mark.kt-highlight, .wp-block-kadence-advancedheading.kt-adv-heading2381_49c283-37[data-kb-block=\"kb-adv-heading2381_49c283-37\"] mark.kt-highlight{font-style:normal;color:#f76a0c;-webkit-box-decoration-break:clone;box-decoration-break:clone;padding-top:0px;padding-right:0px;padding-bottom:0px;padding-left:0px;}.wp-block-kadence-advancedheading.kt-adv-heading2381_49c283-37 img.kb-inline-image, .wp-block-kadence-advancedheading.kt-adv-heading2381_49c283-37[data-kb-block=\"kb-adv-heading2381_49c283-37\"] img.kb-inline-image{width:150px;vertical-align:baseline;}<\/style>\n<h2 class=\"kt-adv-heading2381_49c283-37 wp-block-kadence-advancedheading\" data-kb-block=\"kb-adv-heading2381_49c283-37\">plus de simplicit\u00e9&#8230;<\/h2>\n\n\n\n<p class=\"has-text-align-left\">Afin de simplifier pour vous et pour le bureau notre processus, nous avons d\u00e9velopp\u00e9 ce shop en ligne!  <\/p>\n\n\n<style>.wp-block-kadence-advancedbtn.kb-btns2381_2ebfc9-06{gap:var(--global-kb-gap-xs, 0.5rem );justify-content:flex-start;align-items:center;}.kt-btns2381_2ebfc9-06 .kt-button{font-weight:normal;font-style:normal;}<\/style>\n<div class=\"wp-block-kadence-advancedbtn kb-buttons-wrap kb-btns2381_2ebfc9-06\"><style>ul.menu .wp-block-kadence-advancedbtn .kb-btn2381_accbe2-f3.kb-button{width:initial;}.wp-block-kadence-advancedbtn .kb-btn2381_accbe2-f3.kb-button{color:#fff;background:#2d5c88;font-size:18px;border-top-left-radius:3px;border-top-right-radius:3px;border-bottom-right-radius:3px;border-bottom-left-radius:3px;border-top:2px solid #2d5c88;border-right:2px solid #2d5c88;border-bottom:2px solid #2d5c88;border-left:2px solid #2d5c88;}.wp-block-kadence-advancedbtn .kb-btn2381_accbe2-f3.kb-button:hover, .wp-block-kadence-advancedbtn .kb-btn2381_accbe2-f3.kb-button:focus{color:#fff;background:#6c8dab;border-top-color:#6c8dab;border-top-style:solid;border-right-color:#6c8dab;border-right-style:solid;border-bottom-color:#6c8dab;border-bottom-style:solid;border-left-color:#6c8dab;border-left-style:solid;}@media all and (max-width: 1024px){.wp-block-kadence-advancedbtn .kb-btn2381_accbe2-f3.kb-button{border-top:2px solid #2d5c88;border-right:2px solid #2d5c88;border-bottom:2px solid #2d5c88;border-left:2px solid #2d5c88;}}@media all and (max-width: 1024px){.wp-block-kadence-advancedbtn .kb-btn2381_accbe2-f3.kb-button:hover, .wp-block-kadence-advancedbtn .kb-btn2381_accbe2-f3.kb-button:focus{border-top-color:#6c8dab;border-top-style:solid;border-right-color:#6c8dab;border-right-style:solid;border-bottom-color:#6c8dab;border-bottom-style:solid;border-left-color:#6c8dab;border-left-style:solid;}}@media all and (max-width: 767px){.wp-block-kadence-advancedbtn .kb-btn2381_accbe2-f3.kb-button{border-top:2px solid #2d5c88;border-right:2px solid #2d5c88;border-bottom:2px solid #2d5c88;border-left:2px solid #2d5c88;}.wp-block-kadence-advancedbtn .kb-btn2381_accbe2-f3.kb-button:hover, .wp-block-kadence-advancedbtn .kb-btn2381_accbe2-f3.kb-button:focus{border-top-color:#6c8dab;border-top-style:solid;border-right-color:#6c8dab;border-right-style:solid;border-bottom-color:#6c8dab;border-bottom-style:solid;border-left-color:#6c8dab;border-left-style:solid;}}<\/style><a class=\"kb-button kt-button button kb-btn2381_accbe2-f3 kt-btn-size-standard kt-btn-width-type-auto kb-btn-global-outline  kt-btn-has-text-true kt-btn-has-svg-false  wp-block-kadence-singlebtn\" href=\"#men\"><span class=\"kt-btn-inner-text\">Mentions l\u00e9gales<\/span><\/a><\/div>\n<\/div><\/div>\n\n<\/div><\/div>\n\n\n<p><\/p>\n\n\n\n<h2 class=\"wp-block-heading\" id=\"men\">Mentions l\u00e9gales<\/h2>\n\n\n\n<ul class=\"wp-block-list\"><li><a href=\"https:\/\/association-bts-clim-souillac.com\/index.php\/politique-de-confidentialite\/\" data-type=\"URL\" data-id=\"https:\/\/association-bts-clim-souillac.com\/index.php\/politique-de-confidentialite\/\">Politique de confidentialit\u00e9<\/a><\/li><li><a href=\"https:\/\/association-bts-clim-souillac.com\/index.php\/cgv\/\" data-type=\"URL\" data-id=\"https:\/\/association-bts-clim-souillac.com\/index.php\/cgv\/\">Conditions g\u00e9n\u00e9rales de vente<\/a><\/li><li> <a href=\"https:\/\/association-bts-clim-souillac.com\/index.php\/statuts-de-lassociation\/\" data-type=\"URL\" data-id=\"https:\/\/association-bts-clim-souillac.com\/index.php\/statuts-de-lassociation\/\">Statuts de l&rsquo;association<\/a><\/li><\/ul>\n\n\n<style>.wp-block-kadence-spacer.kt-block-spacer-15277_a9e5b9-86 .kt-block-spacer{height:6px;}.wp-block-kadence-spacer.kt-block-spacer-15277_a9e5b9-86 .kt-divider{border-top-width:1px;height:1px;border-top-color:#000;width:51%;border-top-style:solid;}<\/style>\n<div class=\"wp-block-kadence-spacer aligncenter kt-block-spacer-15277_a9e5b9-86\"><div class=\"kt-block-spacer kt-block-spacer-halign-center\"><hr class=\"kt-divider\"\/><\/div><\/div>\n\n\n\n<h5 class=\"wp-block-heading\" id=\"credits\">Cr\u00e9dits<\/h5>\n\n\n\n<p style=\"font-size:10px\">Joe Dolson for his great WordPress Plug-in My Tickets. See his work: https:\/\/wordpress.org\/plugins\/my-tickets\/<\/p>\n\n\n\n<p><\/p>\n","protected":false},"excerpt":{"rendered":"<p>BILLETERIE JIP 2026 La date \u00e0 retenir: le 11\/04\/2026 ! Cette ann\u00e9e, nous renouvelons la JIP sous la forme du repas traiteur! Le programme: Pour rappel, l&rsquo;adh\u00e9sion est obligatoire! Le menu Cette ann\u00e9e, notre traiteur vous propose 3 plats diff\u00e9rents: &hellip; <a href=\"https:\/\/association-bts-clim-souillac.com\/index.php\/jip-2026\/\">Lire la suite\u00ad\u00ad<\/a><\/p>\n","protected":false},"author":1,"featured_media":0,"parent":0,"menu_order":0,"comment_status":"closed","ping_status":"closed","template":"","meta":{"kt_blocks_editor_width":"","footnotes":""},"class_list":["post-15277","page","type-page","status-publish","hentry"],"_links":{"self":[{"href":"https:\/\/association-bts-clim-souillac.com\/index.php\/wp-json\/wp\/v2\/pages\/15277","targetHints":{"allow":["GET"]}}],"collection":[{"href":"https:\/\/association-bts-clim-souillac.com\/index.php\/wp-json\/wp\/v2\/pages"}],"about":[{"href":"https:\/\/association-bts-clim-souillac.com\/index.php\/wp-json\/wp\/v2\/types\/page"}],"author":[{"embeddable":true,"href":"https:\/\/association-bts-clim-souillac.com\/index.php\/wp-json\/wp\/v2\/users\/1"}],"replies":[{"embeddable":true,"href":"https:\/\/association-bts-clim-souillac.com\/index.php\/wp-json\/wp\/v2\/comments?post=15277"}],"version-history":[{"count":6,"href":"https:\/\/association-bts-clim-souillac.com\/index.php\/wp-json\/wp\/v2\/pages\/15277\/revisions"}],"predecessor-version":[{"id":15292,"href":"https:\/\/association-bts-clim-souillac.com\/index.php\/wp-json\/wp\/v2\/pages\/15277\/revisions\/15292"}],"wp:attachment":[{"href":"https:\/\/association-bts-clim-souillac.com\/index.php\/wp-json\/wp\/v2\/media?parent=15277"}],"curies":[{"name":"wp","href":"https:\/\/api.w.org\/{rel}","templated":true}]}}