{"id":15,"date":"2021-08-14T18:09:02","date_gmt":"2021-08-14T16:09:02","guid":{"rendered":"http:\/\/54.36.190.31\/?page_id=15"},"modified":"2023-01-20T19:11:21","modified_gmt":"2023-01-20T18:11:21","slug":"accueil","status":"publish","type":"page","link":"https:\/\/association-bts-clim-souillac.com\/","title":{"rendered":"Bienvenus !"},"content":{"rendered":"<form role=\"search\" method=\"get\" action=\"https:\/\/association-bts-clim-souillac.com\/\" class=\"wp-block-search__button-outside wp-block-search__icon-button alignright wp-block-search\"    ><label class=\"wp-block-search__label\" for=\"wp-block-search__input-1\" >Rechercher sur notre site<\/label><div class=\"wp-block-search__inside-wrapper\" ><input class=\"wp-block-search__input\" id=\"wp-block-search__input-1\" placeholder=\"\" value=\"\" type=\"search\" name=\"s\" required \/><button aria-label=\"Rechercher\" class=\"wp-block-search__button has-icon wp-element-button\" type=\"submit\" ><svg class=\"search-icon\" viewBox=\"0 0 24 24\" width=\"24\" height=\"24\">\n\t\t\t\t\t<path d=\"M13 5c-3.3 0-6 2.7-6 6 0 1.4.5 2.7 1.3 3.7l-3.8 3.8 1.1 1.1 3.8-3.8c1 .8 2.3 1.3 3.7 1.3 3.3 0 6-2.7 6-6S16.3 5 13 5zm0 10.5c-2.5 0-4.5-2-4.5-4.5s2-4.5 4.5-4.5 4.5 2 4.5 4.5-2 4.5-4.5 4.5z\"><\/path>\n\t\t\t\t<\/svg><\/button><\/div><\/form>\n\n\n<p>&nbsp;<\/p>\n\n\n\n<p>&nbsp;<\/p>\n\n\n\n<p>&nbsp;<\/p>\n\n\n\n<hr class=\"wp-block-separator has-css-opacity\"\/>\n\n\n\n<p><strong>Nous voil\u00e0 revenus sur la toile!<\/strong><\/p>\n\n\n\n<p>Nous allons maintenant nous attacher \u00e0 faire revivre ce site Internet avec vos id\u00e9es et vos remarques. N&rsquo;h\u00e9sitez pas \u00e0 critiquer et \u00e0 proposer&#8230;<\/p>\n\n\n\n<p>L&rsquo;\u00e9nerg\u00e9tique est toujours aussi passionnante et les progr\u00e8s incessants.<\/p>\n\n\n\n<p>Avec <strong>plus de 30 ans d&rsquo;exp\u00e9rience<\/strong>, nous restons en contact avec nos anciens et assurons le lien avec les futurs acteurs des fili\u00e8res <strong>G\u00e9nie Climatique<\/strong> et <strong>G\u00e9nie Frigorifique<\/strong>.<\/p>\n\n\n\n<div class=\"wp-block-columns are-vertically-aligned-center is-layout-flex wp-container-core-columns-is-layout-9d6595d7 wp-block-columns-is-layout-flex\">\n<div class=\"wp-block-column is-vertically-aligned-center is-layout-flow wp-block-column-is-layout-flow\" style=\"flex-basis:100%\">\n<div class=\"wp-block-group alignfull\"><div class=\"wp-block-group__inner-container is-layout-flow wp-block-group-is-layout-flow\"><\/div><\/div>\n<\/div>\n<\/div>\n\n\n\n<figure class=\"wp-block-gallery has-nested-images columns-default is-cropped wp-block-gallery-2 is-layout-flex wp-block-gallery-is-layout-flex\">\n<figure class=\"wp-block-image size-large\"><img fetchpriority=\"high\" decoding=\"async\" width=\"885\" height=\"500\" data-id=\"1615\" src=\"https:\/\/association-bts-clim-souillac.com\/wp-content\/uploads\/2021\/11\/211021.jpg\" alt=\"\" class=\"wp-image-1615\" srcset=\"https:\/\/association-bts-clim-souillac.com\/wp-content\/uploads\/2021\/11\/211021.jpg 885w, https:\/\/association-bts-clim-souillac.com\/wp-content\/uploads\/2021\/11\/211021-300x169.jpg 300w, https:\/\/association-bts-clim-souillac.com\/wp-content\/uploads\/2021\/11\/211021-768x434.jpg 768w\" sizes=\"(max-width: 885px) 100vw, 885px\" \/><\/figure>\n\n\n\n<figure class=\"wp-block-image size-large\"><img decoding=\"async\" width=\"2560\" height=\"1920\" data-id=\"1619\" src=\"https:\/\/association-bts-clim-souillac.com\/wp-content\/uploads\/2021\/11\/20211007_094822-scaled.jpg\" alt=\"\" class=\"wp-image-1619\" srcset=\"https:\/\/association-bts-clim-souillac.com\/wp-content\/uploads\/2021\/11\/20211007_094822-scaled.jpg 2560w, https:\/\/association-bts-clim-souillac.com\/wp-content\/uploads\/2021\/11\/20211007_094822-300x225.jpg 300w, https:\/\/association-bts-clim-souillac.com\/wp-content\/uploads\/2021\/11\/20211007_094822-1024x768.jpg 1024w, https:\/\/association-bts-clim-souillac.com\/wp-content\/uploads\/2021\/11\/20211007_094822-768x576.jpg 768w, https:\/\/association-bts-clim-souillac.com\/wp-content\/uploads\/2021\/11\/20211007_094822-1536x1152.jpg 1536w, https:\/\/association-bts-clim-souillac.com\/wp-content\/uploads\/2021\/11\/20211007_094822-2048x1536.jpg 2048w\" sizes=\"(max-width: 2560px) 100vw, 2560px\" \/><\/figure>\n\n\n\n<figure class=\"wp-block-image size-large\"><img decoding=\"async\" width=\"2560\" height=\"1920\" data-id=\"1618\" src=\"https:\/\/association-bts-clim-souillac.com\/wp-content\/uploads\/2021\/11\/20211007_172647-scaled.jpg\" alt=\"\" class=\"wp-image-1618\" srcset=\"https:\/\/association-bts-clim-souillac.com\/wp-content\/uploads\/2021\/11\/20211007_172647-scaled.jpg 2560w, https:\/\/association-bts-clim-souillac.com\/wp-content\/uploads\/2021\/11\/20211007_172647-300x225.jpg 300w, https:\/\/association-bts-clim-souillac.com\/wp-content\/uploads\/2021\/11\/20211007_172647-1024x768.jpg 1024w, https:\/\/association-bts-clim-souillac.com\/wp-content\/uploads\/2021\/11\/20211007_172647-768x576.jpg 768w, https:\/\/association-bts-clim-souillac.com\/wp-content\/uploads\/2021\/11\/20211007_172647-1536x1152.jpg 1536w, https:\/\/association-bts-clim-souillac.com\/wp-content\/uploads\/2021\/11\/20211007_172647-2048x1536.jpg 2048w\" sizes=\"(max-width: 2560px) 100vw, 2560px\" \/><\/figure>\n\n\n\n<figure class=\"wp-block-image size-large\"><img loading=\"lazy\" decoding=\"async\" width=\"2560\" height=\"1920\" data-id=\"1617\" src=\"https:\/\/association-bts-clim-souillac.com\/wp-content\/uploads\/2021\/11\/20211007_173553-scaled.jpg\" alt=\"\" class=\"wp-image-1617\" srcset=\"https:\/\/association-bts-clim-souillac.com\/wp-content\/uploads\/2021\/11\/20211007_173553-scaled.jpg 2560w, https:\/\/association-bts-clim-souillac.com\/wp-content\/uploads\/2021\/11\/20211007_173553-300x225.jpg 300w, https:\/\/association-bts-clim-souillac.com\/wp-content\/uploads\/2021\/11\/20211007_173553-1024x768.jpg 1024w, https:\/\/association-bts-clim-souillac.com\/wp-content\/uploads\/2021\/11\/20211007_173553-768x576.jpg 768w, https:\/\/association-bts-clim-souillac.com\/wp-content\/uploads\/2021\/11\/20211007_173553-1536x1152.jpg 1536w, https:\/\/association-bts-clim-souillac.com\/wp-content\/uploads\/2021\/11\/20211007_173553-2048x1536.jpg 2048w\" sizes=\"(max-width: 2560px) 100vw, 2560px\" \/><\/figure>\n\n\n\n<figure class=\"wp-block-image size-large\"><img loading=\"lazy\" decoding=\"async\" width=\"2560\" height=\"1920\" data-id=\"1616\" src=\"https:\/\/association-bts-clim-souillac.com\/wp-content\/uploads\/2021\/11\/20211007_173201-scaled.jpg\" alt=\"\" class=\"wp-image-1616\" srcset=\"https:\/\/association-bts-clim-souillac.com\/wp-content\/uploads\/2021\/11\/20211007_173201-scaled.jpg 2560w, https:\/\/association-bts-clim-souillac.com\/wp-content\/uploads\/2021\/11\/20211007_173201-300x225.jpg 300w, https:\/\/association-bts-clim-souillac.com\/wp-content\/uploads\/2021\/11\/20211007_173201-1024x768.jpg 1024w, https:\/\/association-bts-clim-souillac.com\/wp-content\/uploads\/2021\/11\/20211007_173201-768x576.jpg 768w, https:\/\/association-bts-clim-souillac.com\/wp-content\/uploads\/2021\/11\/20211007_173201-1536x1152.jpg 1536w, https:\/\/association-bts-clim-souillac.com\/wp-content\/uploads\/2021\/11\/20211007_173201-2048x1536.jpg 2048w\" sizes=\"(max-width: 2560px) 100vw, 2560px\" \/><\/figure>\n<\/figure>\n\n\n\n<ul class=\"wp-block-social-links has-icon-color has-icon-background-color is-layout-flex wp-block-social-links-is-layout-flex\"><li style=\"color:#ffffff;background-color:#3962e3;\" class=\"wp-social-link wp-social-link-facebook  wp-block-social-link\"><a href=\"https:\/\/www.facebook.com\/assoc.btsfeesouillac\/\" class=\"wp-block-social-link-anchor\"><svg width=\"24\" height=\"24\" viewBox=\"0 0 24 24\" version=\"1.1\" xmlns=\"http:\/\/www.w3.org\/2000\/svg\" aria-hidden=\"true\" focusable=\"false\"><path d=\"M12 2C6.5 2 2 6.5 2 12c0 5 3.7 9.1 8.4 9.9v-7H7.9V12h2.5V9.8c0-2.5 1.5-3.9 3.8-3.9 1.1 0 2.2.2 2.2.2v2.5h-1.3c-1.2 0-1.6.8-1.6 1.6V12h2.8l-.4 2.9h-2.3v7C18.3 21.1 22 17 22 12c0-5.5-4.5-10-10-10z\"><\/path><\/svg><span class=\"wp-block-social-link-label screen-reader-text\">Facebook<\/span><\/a><\/li>\n\n<li style=\"color:#ffffff;background-color:#3962e3;\" class=\"wp-social-link wp-social-link-linkedin  wp-block-social-link\"><a href=\"https:\/\/fr.linkedin.com\/in\/association-bts-clim-souillac-81041ba5\" class=\"wp-block-social-link-anchor\"><svg width=\"24\" height=\"24\" viewBox=\"0 0 24 24\" version=\"1.1\" xmlns=\"http:\/\/www.w3.org\/2000\/svg\" aria-hidden=\"true\" focusable=\"false\"><path d=\"M19.7,3H4.3C3.582,3,3,3.582,3,4.3v15.4C3,20.418,3.582,21,4.3,21h15.4c0.718,0,1.3-0.582,1.3-1.3V4.3 C21,3.582,20.418,3,19.7,3z M8.339,18.338H5.667v-8.59h2.672V18.338z M7.004,8.574c-0.857,0-1.549-0.694-1.549-1.548 c0-0.855,0.691-1.548,1.549-1.548c0.854,0,1.547,0.694,1.547,1.548C8.551,7.881,7.858,8.574,7.004,8.574z M18.339,18.338h-2.669 v-4.177c0-0.996-0.017-2.278-1.387-2.278c-1.389,0-1.601,1.086-1.601,2.206v4.249h-2.667v-8.59h2.559v1.174h0.037 c0.356-0.675,1.227-1.387,2.526-1.387c2.703,0,3.203,1.779,3.203,4.092V18.338z\"><\/path><\/svg><span class=\"wp-block-social-link-label screen-reader-text\">LinkedIn<\/span><\/a><\/li>\n\n<li style=\"color:#ffffff;background-color:#3962e3;\" class=\"wp-social-link wp-social-link-instagram  wp-block-social-link\"><a href=\"https:\/\/www.instagram.com\/bts_clim_souillac\/\" class=\"wp-block-social-link-anchor\"><svg width=\"24\" height=\"24\" viewBox=\"0 0 24 24\" version=\"1.1\" xmlns=\"http:\/\/www.w3.org\/2000\/svg\" aria-hidden=\"true\" focusable=\"false\"><path d=\"M12,4.622c2.403,0,2.688,0.009,3.637,0.052c0.877,0.04,1.354,0.187,1.671,0.31c0.42,0.163,0.72,0.358,1.035,0.673 c0.315,0.315,0.51,0.615,0.673,1.035c0.123,0.317,0.27,0.794,0.31,1.671c0.043,0.949,0.052,1.234,0.052,3.637 s-0.009,2.688-0.052,3.637c-0.04,0.877-0.187,1.354-0.31,1.671c-0.163,0.42-0.358,0.72-0.673,1.035 c-0.315,0.315-0.615,0.51-1.035,0.673c-0.317,0.123-0.794,0.27-1.671,0.31c-0.949,0.043-1.233,0.052-3.637,0.052 s-2.688-0.009-3.637-0.052c-0.877-0.04-1.354-0.187-1.671-0.31c-0.42-0.163-0.72-0.358-1.035-0.673 c-0.315-0.315-0.51-0.615-0.673-1.035c-0.123-0.317-0.27-0.794-0.31-1.671C4.631,14.688,4.622,14.403,4.622,12 s0.009-2.688,0.052-3.637c0.04-0.877,0.187-1.354,0.31-1.671c0.163-0.42,0.358-0.72,0.673-1.035 c0.315-0.315,0.615-0.51,1.035-0.673c0.317-0.123,0.794-0.27,1.671-0.31C9.312,4.631,9.597,4.622,12,4.622 M12,3 C9.556,3,9.249,3.01,8.289,3.054C7.331,3.098,6.677,3.25,6.105,3.472C5.513,3.702,5.011,4.01,4.511,4.511 c-0.5,0.5-0.808,1.002-1.038,1.594C3.25,6.677,3.098,7.331,3.054,8.289C3.01,9.249,3,9.556,3,12c0,2.444,0.01,2.751,0.054,3.711 c0.044,0.958,0.196,1.612,0.418,2.185c0.23,0.592,0.538,1.094,1.038,1.594c0.5,0.5,1.002,0.808,1.594,1.038 c0.572,0.222,1.227,0.375,2.185,0.418C9.249,20.99,9.556,21,12,21s2.751-0.01,3.711-0.054c0.958-0.044,1.612-0.196,2.185-0.418 c0.592-0.23,1.094-0.538,1.594-1.038c0.5-0.5,0.808-1.002,1.038-1.594c0.222-0.572,0.375-1.227,0.418-2.185 C20.99,14.751,21,14.444,21,12s-0.01-2.751-0.054-3.711c-0.044-0.958-0.196-1.612-0.418-2.185c-0.23-0.592-0.538-1.094-1.038-1.594 c-0.5-0.5-1.002-0.808-1.594-1.038c-0.572-0.222-1.227-0.375-2.185-0.418C14.751,3.01,14.444,3,12,3L12,3z M12,7.378 c-2.552,0-4.622,2.069-4.622,4.622S9.448,16.622,12,16.622s4.622-2.069,4.622-4.622S14.552,7.378,12,7.378z M12,15 c-1.657,0-3-1.343-3-3s1.343-3,3-3s3,1.343,3,3S13.657,15,12,15z M16.804,6.116c-0.596,0-1.08,0.484-1.08,1.08 s0.484,1.08,1.08,1.08c0.596,0,1.08-0.484,1.08-1.08S17.401,6.116,16.804,6.116z\"><\/path><\/svg><span class=\"wp-block-social-link-label screen-reader-text\">Instagram<\/span><\/a><\/li><\/ul>\n\n\n\n<h2 class=\"has-medium-font-size wp-block-heading\">Nos derni\u00e8res offres d&#8217;emploi: <\/h2>\n\n\n<style>.kb-posts-id-_6bf9f0-a2 .entry.loop-entry .entry-header .entry-title{font-size:18px;line-height:18px;letter-spacing:1px;}.kb-posts-id-_6bf9f0-a2 .kb-post-list-item{display:grid;}<\/style><ul class=\"wp-block-kadence-posts kb-posts kadence-posts-list kb-posts-id-_6bf9f0-a2 content-wrap grid-cols kb-posts-style-unboxed grid-sm-col-2 grid-lg-col-3 item-image-style-above\"><li class=\"kb-post-list-item\">\n\t<article class=\"entry content-bg loop-entry post-12335 job_listing type-job_listing status-publish has-post-thumbnail hentry job-type-temps-plein\">\n\t\t\t\t<a aria-hidden=\"true\" tabindex=\"-1\" role=\"presentation\" class=\"post-thumbnail kadence-thumbnail-ratio-9-16\" href=\"https:\/\/association-bts-clim-souillac.com\/index.php\/poste\/axima-nucleaire-pierrelatte-27-une-dizaine-de-techniciens-frigoristes\/\" aria-label=\"une dizaine de techniciens frigoristes\">\n\t\t\t<div class=\"post-thumbnail-inner\">\n\t\t\t\t<img loading=\"lazy\" decoding=\"async\" width=\"300\" height=\"300\" src=\"https:\/\/association-bts-clim-souillac.com\/wp-content\/uploads\/job-manager-uploads\/company_logo\/2025\/11\/Jobdating-Pierrelatte-300x300.jpg\" class=\"attachment-medium size-medium wp-post-image\" alt=\"une dizaine de techniciens frigoristes\" srcset=\"https:\/\/association-bts-clim-souillac.com\/wp-content\/uploads\/job-manager-uploads\/company_logo\/2025\/11\/Jobdating-Pierrelatte-300x300.jpg 300w, https:\/\/association-bts-clim-souillac.com\/wp-content\/uploads\/job-manager-uploads\/company_logo\/2025\/11\/Jobdating-Pierrelatte-1024x1024.jpg 1024w, https:\/\/association-bts-clim-souillac.com\/wp-content\/uploads\/job-manager-uploads\/company_logo\/2025\/11\/Jobdating-Pierrelatte-150x150.jpg 150w, https:\/\/association-bts-clim-souillac.com\/wp-content\/uploads\/job-manager-uploads\/company_logo\/2025\/11\/Jobdating-Pierrelatte-768x768.jpg 768w, https:\/\/association-bts-clim-souillac.com\/wp-content\/uploads\/job-manager-uploads\/company_logo\/2025\/11\/Jobdating-Pierrelatte.jpg 1080w\" sizes=\"(max-width: 300px) 100vw, 300px\" \/>\t\t\t<\/div>\n\t\t<\/a><!-- .post-thumbnail -->\n\t\t\t\t<div class=\"entry-content-wrap\">\n\t\t\t<header class=\"entry-header\">\n\t<h5 class=\"entry-title\"><a href=\"https:\/\/association-bts-clim-souillac.com\/index.php\/poste\/axima-nucleaire-pierrelatte-27-une-dizaine-de-techniciens-frigoristes\/\" rel=\"bookmark\">une dizaine de techniciens frigoristes<\/a><\/h5>\t<div class=\"entry-meta entry-meta-divider-dot\">\n\t<span class=\"posted-by\"><span class=\"meta-label\">Par<\/span><span class=\"author vcard\"><span class=\"fn n\"><\/span><\/span><\/span>\t\t\t<span class=\"posted-on\">\n\t\t\t\t<time class=\"entry-date published\" datetime=\"2025-11-10T14:26:09+01:00\">10 novembre 2025<\/time><time class=\"updated\" datetime=\"2025-11-10T14:28:59+01:00\">10 novembre 2025<\/time>\t\t\t<\/span>\n\t\t\t\t<\/div><!-- .entry-meta -->\n\t<\/header><!-- .entry-header -->\n\t<div class=\"entry-summary\">\n\t\t<p>AXIMA Nucl\u00e9aire commence une recherche active d&rsquo;une dizaine de techniciens frigoristes sur le secteur de Pierrelatte (26) JOB DATING le 25 novembre 2025 17h30 https:\/\/forms.gle\/WcR3JzpmRBMw6wEXA<\/p>\n\t<\/div><!-- .entry-summary -->\n\t<footer class=\"entry-footer\">\n\t\t\t<div class=\"entry-actions\">\n\t\t\t<p class=\"more-link-wrap\">\n\t\t\t\t<a href=\"https:\/\/association-bts-clim-souillac.com\/index.php\/poste\/axima-nucleaire-pierrelatte-27-une-dizaine-de-techniciens-frigoristes\/\" class=\"post-more-link\">\n\t\t\t\t\tLire la suite<span class=\"screen-reader-text\"> une dizaine de techniciens frigoristes<\/span><span class=\"kadence-svg-iconset svg-baseline\"><svg aria-hidden=\"true\" class=\"kadence-svg-icon kadence-arrow-right-alt-svg\" fill=\"currentColor\" version=\"1.1\" xmlns=\"http:\/\/www.w3.org\/2000\/svg\" width=\"27\" height=\"28\" viewBox=\"0 0 27 28\"><title>Continuer<\/title><path d=\"M27 13.953c0 0.141-0.063 0.281-0.156 0.375l-6 5.531c-0.156 0.141-0.359 0.172-0.547 0.094-0.172-0.078-0.297-0.25-0.297-0.453v-3.5h-19.5c-0.281 0-0.5-0.219-0.5-0.5v-3c0-0.281 0.219-0.5 0.5-0.5h19.5v-3.5c0-0.203 0.109-0.375 0.297-0.453s0.391-0.047 0.547 0.078l6 5.469c0.094 0.094 0.156 0.219 0.156 0.359v0z\"><\/path>\n\t\t\t<\/svg><\/span>\t\t\t\t<\/a>\n\t\t\t<\/p>\n\t\t<\/div><!-- .entry-actions -->\n\t\t<\/footer><!-- .entry-footer -->\t\t<\/div>\n\t<\/article>\n<\/li>\n<li class=\"kb-post-list-item\">\n\t<article class=\"entry content-bg loop-entry post-9982 job_listing type-job_listing status-publish hentry job-type-temps-plein\">\n\t\t\t\t<div class=\"entry-content-wrap\">\n\t\t\t<header class=\"entry-header\">\n\t<h5 class=\"entry-title\"><a href=\"https:\/\/association-bts-clim-souillac.com\/index.php\/poste\/pinto-energie-froid-clim-secteur-brive-la-gaillarde-27-frigoriste-climaticien-electrotechnique\/\" rel=\"bookmark\">Frigoriste\/climaticien\/\u00e9lectrotechnique<\/a><\/h5>\t<div class=\"entry-meta entry-meta-divider-dot\">\n\t<span class=\"posted-by\"><span class=\"meta-label\">Par<\/span><span class=\"author vcard\"><span class=\"fn n\">contact2<\/span><\/span><\/span>\t\t\t<span class=\"posted-on\">\n\t\t\t\t<time class=\"entry-date published\" datetime=\"2025-03-26T10:29:07+01:00\">26 mars 2025<\/time><time class=\"updated\" datetime=\"2025-11-10T14:29:12+01:00\">10 novembre 2025<\/time>\t\t\t<\/span>\n\t\t\t\t<\/div><!-- .entry-meta -->\n\t<\/header><!-- .entry-header -->\n\t<div class=\"entry-summary\">\n\t\t<p>Bonjour ,\u00a0 Je suis \u00e0 la recherche d&rsquo;un technicien frigoriste pour compl\u00e9ter mon \u00e9quipe , compos\u00e9e de 2 techniciens. Notre entreprise PINTO \u00c9NERGIE FROID &amp; CLIM est situ\u00e9e sur Malemort, nous intervenons en Corr\u00e8ze et d\u00e9partements limitrophes dans un rayon &hellip; <a href=\"https:\/\/association-bts-clim-souillac.com\/index.php\/poste\/pinto-energie-froid-clim-secteur-brive-la-gaillarde-27-frigoriste-climaticien-electrotechnique\/\">Lire la suite\u00ad\u00ad<\/a><\/p>\n\t<\/div><!-- .entry-summary -->\n\t<footer class=\"entry-footer\">\n\t\t\t<div class=\"entry-actions\">\n\t\t\t<p class=\"more-link-wrap\">\n\t\t\t\t<a href=\"https:\/\/association-bts-clim-souillac.com\/index.php\/poste\/pinto-energie-froid-clim-secteur-brive-la-gaillarde-27-frigoriste-climaticien-electrotechnique\/\" class=\"post-more-link\">\n\t\t\t\t\tLire la suite<span class=\"screen-reader-text\"> Frigoriste\/climaticien\/\u00e9lectrotechnique<\/span><span class=\"kadence-svg-iconset svg-baseline\"><svg aria-hidden=\"true\" class=\"kadence-svg-icon kadence-arrow-right-alt-svg\" fill=\"currentColor\" version=\"1.1\" xmlns=\"http:\/\/www.w3.org\/2000\/svg\" width=\"27\" height=\"28\" viewBox=\"0 0 27 28\"><title>Continuer<\/title><path d=\"M27 13.953c0 0.141-0.063 0.281-0.156 0.375l-6 5.531c-0.156 0.141-0.359 0.172-0.547 0.094-0.172-0.078-0.297-0.25-0.297-0.453v-3.5h-19.5c-0.281 0-0.5-0.219-0.5-0.5v-3c0-0.281 0.219-0.5 0.5-0.5h19.5v-3.5c0-0.203 0.109-0.375 0.297-0.453s0.391-0.047 0.547 0.078l6 5.469c0.094 0.094 0.156 0.219 0.156 0.359v0z\"><\/path>\n\t\t\t<\/svg><\/span>\t\t\t\t<\/a>\n\t\t\t<\/p>\n\t\t<\/div><!-- .entry-actions -->\n\t\t<\/footer><!-- .entry-footer -->\t\t<\/div>\n\t<\/article>\n<\/li>\n<\/ul>","protected":false},"excerpt":{"rendered":"<p>&nbsp; &nbsp; &nbsp; Nous voil\u00e0 revenus sur la toile! Nous allons maintenant nous attacher \u00e0 faire revivre ce site Internet avec vos id\u00e9es et vos remarques. N&rsquo;h\u00e9sitez pas \u00e0 critiquer et \u00e0 proposer&#8230; L&rsquo;\u00e9nerg\u00e9tique est toujours aussi passionnante et les &hellip; <a href=\"https:\/\/association-bts-clim-souillac.com\/\">Lire la suite\u00ad\u00ad<\/a><\/p>\n","protected":false},"author":2,"featured_media":0,"parent":0,"menu_order":0,"comment_status":"closed","ping_status":"closed","template":"","meta":{"kt_blocks_editor_width":"","footnotes":""},"class_list":["post-15","page","type-page","status-publish","hentry"],"_links":{"self":[{"href":"https:\/\/association-bts-clim-souillac.com\/index.php\/wp-json\/wp\/v2\/pages\/15","targetHints":{"allow":["GET"]}}],"collection":[{"href":"https:\/\/association-bts-clim-souillac.com\/index.php\/wp-json\/wp\/v2\/pages"}],"about":[{"href":"https:\/\/association-bts-clim-souillac.com\/index.php\/wp-json\/wp\/v2\/types\/page"}],"author":[{"embeddable":true,"href":"https:\/\/association-bts-clim-souillac.com\/index.php\/wp-json\/wp\/v2\/users\/2"}],"replies":[{"embeddable":true,"href":"https:\/\/association-bts-clim-souillac.com\/index.php\/wp-json\/wp\/v2\/comments?post=15"}],"version-history":[{"count":74,"href":"https:\/\/association-bts-clim-souillac.com\/index.php\/wp-json\/wp\/v2\/pages\/15\/revisions"}],"predecessor-version":[{"id":5492,"href":"https:\/\/association-bts-clim-souillac.com\/index.php\/wp-json\/wp\/v2\/pages\/15\/revisions\/5492"}],"wp:attachment":[{"href":"https:\/\/association-bts-clim-souillac.com\/index.php\/wp-json\/wp\/v2\/media?parent=15"}],"curies":[{"name":"wp","href":"https:\/\/api.w.org\/{rel}","templated":true}]}}